{"id":5926,"date":"2022-10-20T17:38:42","date_gmt":"2022-10-20T20:38:42","guid":{"rendered":"https:\/\/csjmestrada-ers.infd.edu.ar\/sitio\/?page_id=5926"},"modified":"2026-03-20T20:49:20","modified_gmt":"2026-03-20T23:49:20","slug":"profesorado-de-musica-con-orientacion-en-educacion-musical","status":"publish","type":"page","link":"https:\/\/csjmestrada-ers.infd.edu.ar\/sitio\/profesorado-de-musica-con-orientacion-en-educacion-musical\/","title":{"rendered":"Profesorado de M\u00fasica con Orientaci\u00f3n en Educaci\u00f3n Musical"},"content":{"rendered":"<div class=\"wp-block-image\">\n<figure class=\"aligncenter size-full\"><img decoding=\"async\" loading=\"lazy\" width=\"1365\" height=\"341\" src=\"https:\/\/csjmestrada-ers.infd.edu.ar\/sitio\/wp-content\/uploads\/2024\/02\/4.png\" alt=\"\" class=\"wp-image-11098\" srcset=\"https:\/\/csjmestrada-ers.infd.edu.ar\/sitio\/wp-content\/uploads\/2024\/02\/4.png 1365w, https:\/\/csjmestrada-ers.infd.edu.ar\/sitio\/wp-content\/uploads\/2024\/02\/4-1000x250.png 1000w, https:\/\/csjmestrada-ers.infd.edu.ar\/sitio\/wp-content\/uploads\/2024\/02\/4-768x192.png 768w, https:\/\/csjmestrada-ers.infd.edu.ar\/sitio\/wp-content\/uploads\/2024\/02\/4-1200x300.png 1200w, https:\/\/csjmestrada-ers.infd.edu.ar\/sitio\/wp-content\/uploads\/2024\/02\/4-620x155.png 620w, https:\/\/csjmestrada-ers.infd.edu.ar\/sitio\/wp-content\/uploads\/2024\/02\/4-400x100.png 400w\" sizes=\"(max-width: 1365px) 100vw, 1365px\" \/><\/figure><\/div>\n\n\n<p><strong>T\u00edtulo que se otorga<\/strong>: Profesor\/a de M\u00fasica con Orientaci\u00f3n en Educaci\u00f3n Musical<\/p>\n\n\n\n<p><strong>Duraci\u00f3n<\/strong>: 4 a\u00f1os.<\/p>\n\n\n\n<p>La carrera se organiza en torno a tres campos: Campos de la&nbsp;<strong>Formaci\u00f3n General<\/strong>, Campo de la&nbsp;<strong>Formaci\u00f3n Espec\u00edfica<\/strong>, y Campo de la&nbsp;<strong>Formaci\u00f3n en la Pr\u00e1ctica Profesional<\/strong>. Cada campo contiene unidades curriculares con diferentes formatos.<\/p>\n\n\n\n<figure class=\"wp-block-embed is-type-video is-provider-youtube wp-block-embed-youtube wp-embed-aspect-16-9 wp-has-aspect-ratio\"><div class=\"wp-block-embed__wrapper\">\n<iframe loading=\"lazy\" title=\"Spot PROMO MUSICA\" width=\"1200\" height=\"675\" src=\"https:\/\/www.youtube.com\/embed\/hnNKc6bYZUY?feature=oembed\" frameborder=\"0\" allow=\"accelerometer; autoplay; clipboard-write; encrypted-media; gyroscope; picture-in-picture; web-share\" referrerpolicy=\"strict-origin-when-cross-origin\" allowfullscreen><\/iframe>\n<\/div><\/figure>\n\n\n\n<p class=\"has-text-align-center has-base-3-color has-accent-background-color has-text-color has-background has-medium-font-size\">Plan de estudio<\/p>\n\n\n\n<figure class=\"wp-block-table is-style-stripes\"><table><tbody><tr><td><strong>Descargar PLAN DE ESTUDIO (Resoluci\u00f3n N\u00b0<\/strong> <strong>5786 CGE)<\/strong><\/td><td class=\"has-text-align-center\" data-align=\"center\"><a href=\"https:\/\/drive.google.com\/file\/d\/1uUNjqb8UfZv7sL59_g_2gUDBMoRjGzKO\/view?usp=drive_link\" target=\"_blank\" rel=\"noreferrer noopener\"><img decoding=\"async\" loading=\"lazy\" width=\"512\" height=\"512\" class=\"wp-image-7346\" style=\"width: 60px;\" src=\"https:\/\/csjmestrada-ers.infd.edu.ar\/sitio\/wp-content\/uploads\/2022\/12\/2932728.png\" alt=\"\" srcset=\"https:\/\/csjmestrada-ers.infd.edu.ar\/sitio\/wp-content\/uploads\/2022\/12\/2932728.png 512w, https:\/\/csjmestrada-ers.infd.edu.ar\/sitio\/wp-content\/uploads\/2022\/12\/2932728-500x500.png 500w\" sizes=\"(max-width: 512px) 100vw, 512px\" \/><\/a><\/td><\/tr><\/tbody><\/table><\/figure>\n\n\n\n<figure class=\"wp-block-table is-style-stripes\"><table class=\"has-accent-color has-text-color\"><tbody><tr><td><\/td><td><strong>Primer a\u00f1o<\/strong><\/td><td class=\"has-text-align-center\" data-align=\"center\"><strong>Horas c\u00e1tedra semanales<\/strong><\/td><\/tr><tr><td>1<\/td><td>Pedagog\u00eda<\/td><td class=\"has-text-align-center\" data-align=\"center\">3<\/td><\/tr><tr><td>2<\/td><td>Oralidad, Lectura, Escritura y TIC<\/td><td class=\"has-text-align-center\" data-align=\"center\">3<\/td><\/tr><tr><td>3<\/td><td>Psicolog\u00eda Educacional<\/td><td class=\"has-text-align-center\" data-align=\"center\">3<\/td><\/tr><tr><td>4<\/td><td>Corporeidad, Juego y Lenguajes Art\u00edsticos<\/td><td class=\"has-text-align-center\" data-align=\"center\">2<\/td><\/tr><tr><td>5<\/td><td>Lenguaje Musical I<\/td><td class=\"has-text-align-center\" data-align=\"center\">4<\/td><\/tr><tr><td>6<\/td><td>Instrumentos I<\/td><td class=\"has-text-align-center\" data-align=\"center\">6<\/td><\/tr><tr><td>7<\/td><td>Canto Colectivo<\/td><td class=\"has-text-align-center\" data-align=\"center\">3<\/td><\/tr><tr><td>8<\/td><td>Historia Social de la M\u00fasica I<\/td><td class=\"has-text-align-center\" data-align=\"center\">3<\/td><\/tr><tr><td>9<\/td><td>Sujetos de la Educaci\u00f3n<\/td><td class=\"has-text-align-center\" data-align=\"center\">4<\/td><\/tr><tr><td>10<\/td><td>Pr\u00e1cticas Docentes I<\/td><td class=\"has-text-align-center\" data-align=\"center\">4<\/td><\/tr><tr><td><\/td><td><strong>Segundo a\u00f1o<\/strong><\/td><td class=\"has-text-align-center\" data-align=\"center\"><strong>Horas c\u00e1tedra semanales<\/strong><\/td><\/tr><tr><td>11<\/td><td>Did\u00e1ctica General<\/td><td class=\"has-text-align-center\" data-align=\"center\">3<\/td><\/tr><tr><td>12<\/td><td>Historia Social y Pol\u00edtica Argentina y Latinoamericana<\/td><td class=\"has-text-align-center\" data-align=\"center\">2<\/td><\/tr><tr><td>13<\/td><td>Filosof\u00eda<\/td><td class=\"has-text-align-center\" data-align=\"center\">3<\/td><\/tr><tr><td>14<\/td><td>Lenguaje Musical II<\/td><td class=\"has-text-align-center\" data-align=\"center\">4<\/td><\/tr><tr><td>15<\/td><td>Instrumentos II<\/td><td class=\"has-text-align-center\" data-align=\"center\">6<\/td><\/tr><tr><td>16<\/td><td>Conjunto Vocal \/ Instrumental<\/td><td class=\"has-text-align-center\" data-align=\"center\">3<\/td><\/tr><tr><td>17<\/td><td>Historia Social de la M\u00fasica II<\/td><td class=\"has-text-align-center\" data-align=\"center\">3<\/td><\/tr><tr><td>18<\/td><td>Did\u00e1ctica de la M\u00fasica I<\/td><td class=\"has-text-align-center\" data-align=\"center\">3<\/td><\/tr><tr><td>19<\/td><td>UDI: Improvisaci\u00f3n r\u00edtmica y escritura.<\/td><td class=\"has-text-align-center\" data-align=\"center\">3<\/td><\/tr><tr><td>20<\/td><td>Pr\u00e1cticas Docentes II<\/td><td class=\"has-text-align-center\" data-align=\"center\">4<\/td><\/tr><tr><td><\/td><td><strong>Tercer a\u00f1o<\/strong><\/td><td class=\"has-text-align-center\" data-align=\"center\"><strong>Horas c\u00e1tedra semanales<\/strong><\/td><\/tr><tr><td>21<\/td><td>An\u00e1lisis y Organizaci\u00f3n de las Instituciones Educativas<\/td><td class=\"has-text-align-center\" data-align=\"center\">3<\/td><\/tr><tr><td>22<\/td><td>Historia y Pol\u00edtica de la Educaci\u00f3n Argentina<\/td><td class=\"has-text-align-center\" data-align=\"center\">3<\/td><\/tr><tr><td>23<\/td><td>Sociolog\u00eda de la Educaci\u00f3n<\/td><td class=\"has-text-align-center\" data-align=\"center\">3<\/td><\/tr><tr><td>24<\/td><td>Lenguaje Musical III<\/td><td class=\"has-text-align-center\" data-align=\"center\">4<\/td><\/tr><tr><td>25<\/td><td>Instrumentos III<\/td><td class=\"has-text-align-center\" data-align=\"center\">6<\/td><\/tr><tr><td>26<\/td><td>Direcci\u00f3n de Conjunto Vocal \/ Instrumental<\/td><td class=\"has-text-align-center\" data-align=\"center\">3<\/td><\/tr><tr><td>27<\/td><td>Historia y Repertorio de la M\u00fasica Popular Argentina y Latinoamericana<\/td><td class=\"has-text-align-center\" data-align=\"center\">3<\/td><\/tr><tr><td>28<\/td><td>Did\u00e1ctica de la M\u00fasica II<\/td><td class=\"has-text-align-center\" data-align=\"center\">3<\/td><\/tr><tr><td>29<\/td><td>Producci\u00f3n Musical con Medios Digitales<\/td><td class=\"has-text-align-center\" data-align=\"center\">3<\/td><\/tr><tr><td>30<\/td><td>Pr\u00e1cticas Docentes III<\/td><td class=\"has-text-align-center\" data-align=\"center\">6<\/td><\/tr><tr><td><\/td><td><strong>Cuarto a\u00f1o<\/strong><\/td><td class=\"has-text-align-center\" data-align=\"center\"><strong>Horas c\u00e1tedra semanales<\/strong><\/td><\/tr><tr><td>31<\/td><td>Derechos Humanos: \u00c9tica y Ciudadan\u00eda<\/td><td class=\"has-text-align-center\" data-align=\"center\">3<\/td><\/tr><tr><td>32<\/td><td>Educaci\u00f3n Sexual Integral<\/td><td class=\"has-text-align-center\" data-align=\"center\">3<\/td><\/tr><tr><td>33<\/td><td>Lenguaje Musical IV<\/td><td class=\"has-text-align-center\" data-align=\"center\">4<\/td><\/tr><tr><td>34<\/td><td>Instrumentos IV<\/td><td class=\"has-text-align-center\" data-align=\"center\">6<\/td><\/tr><tr><td>35<\/td><td>Est\u00e9tica y Critica de la M\u00fasica<\/td><td class=\"has-text-align-center\" data-align=\"center\">2<\/td><\/tr><tr><td>36<\/td><td>Puesta en Escena<\/td><td class=\"has-text-align-center\" data-align=\"center\">2<\/td><\/tr><tr><td>37<\/td><td>UDI:<\/td><td class=\"has-text-align-center\" data-align=\"center\">3<\/td><\/tr><tr><td>38<\/td><td>Pr\u00e1cticas Docentes IV<\/td><td class=\"has-text-align-center\" data-align=\"center\">10<\/td><\/tr><\/tbody><\/table><\/figure>\n\n\n\n<p class=\"has-text-align-center has-base-3-color has-accent-background-color has-text-color has-background has-medium-font-size\">R\u00e9gimen de correlatividades<\/p>\n\n\n\n<figure class=\"wp-block-table is-style-stripes\"><table><tbody><tr><td><strong>Descargar Resoluci\u00f3n N\u00b0 2867\/23 CGE |&nbsp; R\u00e9gimen de correlatividades<\/strong><\/td><td class=\"has-text-align-center\" data-align=\"center\"><a href=\"https:\/\/drive.google.com\/file\/d\/1_AovmfRhXTQftlZKIh-orS97U_onB5t2\/view?usp=drive_link\" target=\"_blank\" rel=\"noreferrer noopener\"><img decoding=\"async\" loading=\"lazy\" width=\"512\" height=\"512\" class=\"wp-image-7346\" style=\"width: 60px;\" src=\"https:\/\/csjmestrada-ers.infd.edu.ar\/sitio\/wp-content\/uploads\/2022\/12\/2932728.png\" alt=\"\" srcset=\"https:\/\/csjmestrada-ers.infd.edu.ar\/sitio\/wp-content\/uploads\/2022\/12\/2932728.png 512w, https:\/\/csjmestrada-ers.infd.edu.ar\/sitio\/wp-content\/uploads\/2022\/12\/2932728-500x500.png 500w\" sizes=\"(max-width: 512px) 100vw, 512px\" \/><\/a><\/td><\/tr><\/tbody><\/table><\/figure>\n","protected":false},"excerpt":{"rendered":"<p>T\u00edtulo que se otorga: Profesor\/a de M\u00fasica con Orientaci\u00f3n en Educaci\u00f3n Musical Duraci\u00f3n: 4 a\u00f1os. La carrera se organiza en torno a tres campos: Campos de la&nbsp;Formaci\u00f3n General, Campo de la&nbsp;Formaci\u00f3n Espec\u00edfica, y Campo de la&nbsp;Formaci\u00f3n en la Pr\u00e1ctica Profesional. Cada campo contiene unidades curriculares con diferentes formatos. Plan de estudio Descargar PLAN DE ESTUDIO &#8230; <a title=\"Profesorado de M\u00fasica con Orientaci\u00f3n en Educaci\u00f3n Musical\" class=\"read-more\" href=\"https:\/\/csjmestrada-ers.infd.edu.ar\/sitio\/profesorado-de-musica-con-orientacion-en-educacion-musical\/\" aria-label=\"More on Profesorado de M\u00fasica con Orientaci\u00f3n en Educaci\u00f3n Musical\">[+]<\/a><\/p>\n","protected":false},"author":85,"featured_media":0,"parent":0,"menu_order":0,"comment_status":"closed","ping_status":"closed","template":"","meta":[],"acf":[],"_links":{"self":[{"href":"https:\/\/csjmestrada-ers.infd.edu.ar\/sitio\/wp-json\/wp\/v2\/pages\/5926"}],"collection":[{"href":"https:\/\/csjmestrada-ers.infd.edu.ar\/sitio\/wp-json\/wp\/v2\/pages"}],"about":[{"href":"https:\/\/csjmestrada-ers.infd.edu.ar\/sitio\/wp-json\/wp\/v2\/types\/page"}],"author":[{"embeddable":true,"href":"https:\/\/csjmestrada-ers.infd.edu.ar\/sitio\/wp-json\/wp\/v2\/users\/85"}],"replies":[{"embeddable":true,"href":"https:\/\/csjmestrada-ers.infd.edu.ar\/sitio\/wp-json\/wp\/v2\/comments?post=5926"}],"version-history":[{"count":51,"href":"https:\/\/csjmestrada-ers.infd.edu.ar\/sitio\/wp-json\/wp\/v2\/pages\/5926\/revisions"}],"predecessor-version":[{"id":14127,"href":"https:\/\/csjmestrada-ers.infd.edu.ar\/sitio\/wp-json\/wp\/v2\/pages\/5926\/revisions\/14127"}],"wp:attachment":[{"href":"https:\/\/csjmestrada-ers.infd.edu.ar\/sitio\/wp-json\/wp\/v2\/media?parent=5926"}],"curies":[{"name":"wp","href":"https:\/\/api.w.org\/{rel}","templated":true}]}}