{"id":12926,"date":"2025-02-28T20:54:01","date_gmt":"2025-02-28T23:54:01","guid":{"rendered":"https:\/\/csjmestrada-ers.infd.edu.ar\/sitio\/?page_id=12926"},"modified":"2026-03-10T15:01:09","modified_gmt":"2026-03-10T18:01:09","slug":"curso-introductorio-2025","status":"publish","type":"page","link":"https:\/\/csjmestrada-ers.infd.edu.ar\/sitio\/curso-introductorio-2025\/","title":{"rendered":"CURSO INTRODUCTORIO 2026"},"content":{"rendered":"\n<div class=\"wp-block-columns is-layout-flex wp-container-4\">\n<div class=\"wp-block-column is-layout-flow\">\n<figure class=\"wp-block-image size-full is-resized\"><img decoding=\"async\" loading=\"lazy\" src=\"https:\/\/csjmestrada-ers.infd.edu.ar\/sitio\/wp-content\/uploads\/2026\/03\/31-1.jpg\" alt=\"\" class=\"wp-image-14059\" width=\"339\" height=\"339\" srcset=\"https:\/\/csjmestrada-ers.infd.edu.ar\/sitio\/wp-content\/uploads\/2026\/03\/31-1.jpg 1080w, https:\/\/csjmestrada-ers.infd.edu.ar\/sitio\/wp-content\/uploads\/2026\/03\/31-1-1000x1000.jpg 1000w, https:\/\/csjmestrada-ers.infd.edu.ar\/sitio\/wp-content\/uploads\/2026\/03\/31-1-500x500.jpg 500w, https:\/\/csjmestrada-ers.infd.edu.ar\/sitio\/wp-content\/uploads\/2026\/03\/31-1-768x768.jpg 768w\" sizes=\"(max-width: 339px) 100vw, 339px\" \/><\/figure>\n<\/div>\n\n\n\n<div class=\"wp-block-column is-layout-flow\">\n<figure class=\"wp-block-image size-full is-resized\"><img decoding=\"async\" loading=\"lazy\" src=\"https:\/\/csjmestrada-ers.infd.edu.ar\/sitio\/wp-content\/uploads\/2026\/03\/32.jpg\" alt=\"\" class=\"wp-image-14060\" width=\"338\" height=\"338\" srcset=\"https:\/\/csjmestrada-ers.infd.edu.ar\/sitio\/wp-content\/uploads\/2026\/03\/32.jpg 1080w, https:\/\/csjmestrada-ers.infd.edu.ar\/sitio\/wp-content\/uploads\/2026\/03\/32-1000x1000.jpg 1000w, https:\/\/csjmestrada-ers.infd.edu.ar\/sitio\/wp-content\/uploads\/2026\/03\/32-500x500.jpg 500w, https:\/\/csjmestrada-ers.infd.edu.ar\/sitio\/wp-content\/uploads\/2026\/03\/32-768x768.jpg 768w\" sizes=\"(max-width: 338px) 100vw, 338px\" \/><\/figure>\n<\/div>\n\n\n\n<div class=\"wp-block-column is-layout-flow\">\n<figure class=\"wp-block-image size-full is-resized\"><img decoding=\"async\" loading=\"lazy\" src=\"https:\/\/csjmestrada-ers.infd.edu.ar\/sitio\/wp-content\/uploads\/2026\/03\/34.jpg\" alt=\"\" class=\"wp-image-14061\" width=\"335\" height=\"335\" srcset=\"https:\/\/csjmestrada-ers.infd.edu.ar\/sitio\/wp-content\/uploads\/2026\/03\/34.jpg 1080w, https:\/\/csjmestrada-ers.infd.edu.ar\/sitio\/wp-content\/uploads\/2026\/03\/34-1000x1000.jpg 1000w, https:\/\/csjmestrada-ers.infd.edu.ar\/sitio\/wp-content\/uploads\/2026\/03\/34-500x500.jpg 500w, https:\/\/csjmestrada-ers.infd.edu.ar\/sitio\/wp-content\/uploads\/2026\/03\/34-768x768.jpg 768w\" sizes=\"(max-width: 335px) 100vw, 335px\" \/><\/figure>\n<\/div>\n<\/div>\n\n\n\n<div class=\"wp-block-columns is-layout-flex wp-container-8\">\n<div class=\"wp-block-column is-layout-flow\">\n<figure class=\"wp-block-image size-full is-resized\"><img decoding=\"async\" loading=\"lazy\" src=\"https:\/\/csjmestrada-ers.infd.edu.ar\/sitio\/wp-content\/uploads\/2026\/03\/35.jpg\" alt=\"\" class=\"wp-image-14062\" width=\"335\" height=\"335\" srcset=\"https:\/\/csjmestrada-ers.infd.edu.ar\/sitio\/wp-content\/uploads\/2026\/03\/35.jpg 1080w, https:\/\/csjmestrada-ers.infd.edu.ar\/sitio\/wp-content\/uploads\/2026\/03\/35-1000x1000.jpg 1000w, https:\/\/csjmestrada-ers.infd.edu.ar\/sitio\/wp-content\/uploads\/2026\/03\/35-500x500.jpg 500w, https:\/\/csjmestrada-ers.infd.edu.ar\/sitio\/wp-content\/uploads\/2026\/03\/35-768x768.jpg 768w\" sizes=\"(max-width: 335px) 100vw, 335px\" \/><\/figure>\n<\/div>\n\n\n\n<div class=\"wp-block-column is-layout-flow\">\n<figure class=\"wp-block-image size-full is-resized\"><img decoding=\"async\" loading=\"lazy\" src=\"https:\/\/csjmestrada-ers.infd.edu.ar\/sitio\/wp-content\/uploads\/2026\/03\/36.jpg\" alt=\"\" class=\"wp-image-14063\" width=\"334\" height=\"334\" srcset=\"https:\/\/csjmestrada-ers.infd.edu.ar\/sitio\/wp-content\/uploads\/2026\/03\/36.jpg 1080w, https:\/\/csjmestrada-ers.infd.edu.ar\/sitio\/wp-content\/uploads\/2026\/03\/36-1000x1000.jpg 1000w, https:\/\/csjmestrada-ers.infd.edu.ar\/sitio\/wp-content\/uploads\/2026\/03\/36-500x500.jpg 500w, https:\/\/csjmestrada-ers.infd.edu.ar\/sitio\/wp-content\/uploads\/2026\/03\/36-768x768.jpg 768w\" sizes=\"(max-width: 334px) 100vw, 334px\" \/><\/figure>\n<\/div>\n\n\n\n<div class=\"wp-block-column is-layout-flow\"><\/div>\n<\/div>\n\n\n\n<p class=\"has-base-3-color has-accent-background-color has-text-color has-background\">PROFESORADO DE EDUCACI\u00d3N PRIMARIA <\/p>\n\n\n\n<figure class=\"wp-block-table\"><table><tbody><tr><td>1-INTRODUCCI\u00d3N A LA CARRERA DOCENTE-TALLER INTRODUCTORIO<\/td><td><a href=\"https:\/\/drive.google.com\/file\/d\/1_XMH6L7dCGb7tf7qM0H3Txq6uofTu0dd\/view?usp=drive_link\" target=\"_blank\" rel=\"noreferrer noopener\"><img decoding=\"async\" loading=\"lazy\" width=\"512\" height=\"512\" class=\"wp-image-7346\" style=\"width: 60px;\" src=\"https:\/\/csjmestrada-ers.infd.edu.ar\/sitio\/wp-content\/uploads\/2022\/12\/2932728.png\" alt=\"\" srcset=\"https:\/\/csjmestrada-ers.infd.edu.ar\/sitio\/wp-content\/uploads\/2022\/12\/2932728.png 512w, https:\/\/csjmestrada-ers.infd.edu.ar\/sitio\/wp-content\/uploads\/2022\/12\/2932728-500x500.png 500w\" sizes=\"(max-width: 512px) 100vw, 512px\" \/><\/a><\/td><\/tr><tr><td>2-INTRODUCTORIO 2026 PRIMARIA- M\u00d3DULO I Y II<\/td><td><a href=\"https:\/\/drive.google.com\/file\/d\/1fCOQNK06KrBsOucTdcfyTU4QrmnJ_nLZ\/view?usp=drive_link\" target=\"_blank\" rel=\"noreferrer noopener\"><img decoding=\"async\" loading=\"lazy\" width=\"512\" height=\"512\" class=\"wp-image-7346\" style=\"width: 60px;\" src=\"https:\/\/csjmestrada-ers.infd.edu.ar\/sitio\/wp-content\/uploads\/2022\/12\/2932728.png\" alt=\"\" srcset=\"https:\/\/csjmestrada-ers.infd.edu.ar\/sitio\/wp-content\/uploads\/2022\/12\/2932728.png 512w, https:\/\/csjmestrada-ers.infd.edu.ar\/sitio\/wp-content\/uploads\/2022\/12\/2932728-500x500.png 500w\" sizes=\"(max-width: 512px) 100vw, 512px\" \/><\/a><\/td><\/tr><tr><td>3-INTRODUCTORIO 2026 PRIMARIA- M\u00d3DULO III<\/td><td><a href=\"https:\/\/drive.google.com\/file\/d\/1hIZ9hnIenz41NuEt1CSVdvDN-ke7-8F2\/view?usp=drive_link\" target=\"_blank\" rel=\"noreferrer noopener\"><img decoding=\"async\" loading=\"lazy\" width=\"512\" height=\"512\" class=\"wp-image-7346\" style=\"width: 60px;\" src=\"https:\/\/csjmestrada-ers.infd.edu.ar\/sitio\/wp-content\/uploads\/2022\/12\/2932728.png\" alt=\"\" srcset=\"https:\/\/csjmestrada-ers.infd.edu.ar\/sitio\/wp-content\/uploads\/2022\/12\/2932728.png 512w, https:\/\/csjmestrada-ers.infd.edu.ar\/sitio\/wp-content\/uploads\/2022\/12\/2932728-500x500.png 500w\" sizes=\"(max-width: 512px) 100vw, 512px\" \/><\/a><\/td><\/tr><tr><td>CRONOGRAMA DEL CURSO INTRODUCTORIO<\/td><td><a href=\"https:\/\/drive.google.com\/file\/d\/1LDr2nK7MD1QlWC_Wy5gjjzJCqhzlp1sw\/view?usp=drive_link\" target=\"_blank\" rel=\"noreferrer noopener\"><img decoding=\"async\" loading=\"lazy\" width=\"512\" height=\"512\" class=\"wp-image-7346\" style=\"width: 60px;\" src=\"https:\/\/csjmestrada-ers.infd.edu.ar\/sitio\/wp-content\/uploads\/2022\/12\/2932728.png\" alt=\"\" srcset=\"https:\/\/csjmestrada-ers.infd.edu.ar\/sitio\/wp-content\/uploads\/2022\/12\/2932728.png 512w, https:\/\/csjmestrada-ers.infd.edu.ar\/sitio\/wp-content\/uploads\/2022\/12\/2932728-500x500.png 500w\" sizes=\"(max-width: 512px) 100vw, 512px\" \/><\/a><\/td><\/tr><\/tbody><\/table><\/figure>\n\n\n\n<p class=\"has-base-3-color has-accent-background-color has-text-color has-background\">PROFESORADO DE ARTES VISUALES<\/p>\n\n\n\n<figure class=\"wp-block-table\"><table><tbody><tr><td>1 CURSO INTRODUCTORIO 2026 &#8211; M\u00d3DULO I Y II<\/td><td><a href=\"https:\/\/drive.google.com\/file\/d\/1pk-fvrUIWcyJhaGwcsr0cgJP1zwbxgED\/view?usp=drive_link\" target=\"_blank\" rel=\"noreferrer noopener\"><img decoding=\"async\" loading=\"lazy\" width=\"512\" height=\"512\" class=\"wp-image-7346\" style=\"width: 60px;\" src=\"https:\/\/csjmestrada-ers.infd.edu.ar\/sitio\/wp-content\/uploads\/2022\/12\/2932728.png\" alt=\"\" srcset=\"https:\/\/csjmestrada-ers.infd.edu.ar\/sitio\/wp-content\/uploads\/2022\/12\/2932728.png 512w, https:\/\/csjmestrada-ers.infd.edu.ar\/sitio\/wp-content\/uploads\/2022\/12\/2932728-500x500.png 500w\" sizes=\"(max-width: 512px) 100vw, 512px\" \/><\/a><\/td><\/tr><tr><td>2 CURSO INTRODUCTORIO 2026 &#8211; TALLERES ESPEC\u00cdFICOS<\/td><td><a rel=\"noreferrer noopener\" href=\"https:\/\/drive.google.com\/file\/d\/1PpX8umyuy8sqt-ZOo3FYPNncpj7gJCf3\/view?usp=drive_link\" data-type=\"URL\" data-id=\"https:\/\/drive.google.com\/file\/d\/1PpX8umyuy8sqt-ZOo3FYPNncpj7gJCf3\/view?usp=drive_link\" target=\"_blank\"><img decoding=\"async\" loading=\"lazy\" width=\"512\" height=\"512\" class=\"wp-image-7346\" style=\"width: 60px;\" src=\"https:\/\/csjmestrada-ers.infd.edu.ar\/sitio\/wp-content\/uploads\/2022\/12\/2932728.png\" alt=\"\" srcset=\"https:\/\/csjmestrada-ers.infd.edu.ar\/sitio\/wp-content\/uploads\/2022\/12\/2932728.png 512w, https:\/\/csjmestrada-ers.infd.edu.ar\/sitio\/wp-content\/uploads\/2022\/12\/2932728-500x500.png 500w\" sizes=\"(max-width: 512px) 100vw, 512px\" \/><\/a><\/td><\/tr><tr><td>MATERIAL TALLERES ESPEC\u00cdFICOS<\/td><td><a href=\"https:\/\/drive.google.com\/file\/d\/1pJ7cPGv8cEEaQloyoKAPSsuxaSTArg0n\/view?usp=drive_link\" data-type=\"URL\" target=\"_blank\" rel=\"noreferrer noopener\"><img decoding=\"async\" loading=\"lazy\" width=\"512\" height=\"512\" class=\"wp-image-7346\" style=\"width: 60px;\" src=\"https:\/\/csjmestrada-ers.infd.edu.ar\/sitio\/wp-content\/uploads\/2022\/12\/2932728.png\" alt=\"\" srcset=\"https:\/\/csjmestrada-ers.infd.edu.ar\/sitio\/wp-content\/uploads\/2022\/12\/2932728.png 512w, https:\/\/csjmestrada-ers.infd.edu.ar\/sitio\/wp-content\/uploads\/2022\/12\/2932728-500x500.png 500w\" sizes=\"(max-width: 512px) 100vw, 512px\" \/><\/a><\/td><\/tr><tr><td>CRONOGRAM CURSO INTRODUCTORIO 2026<\/td><td><a href=\"https:\/\/drive.google.com\/file\/d\/1nmt9ACmVrWb9WKkzfIzyEWNn8f4AMbAl\/view?usp=drive_link\" data-type=\"URL\" target=\"_blank\" rel=\"noreferrer noopener\"><img decoding=\"async\" loading=\"lazy\" width=\"512\" height=\"512\" class=\"wp-image-7346\" style=\"width: 60px;\" src=\"https:\/\/csjmestrada-ers.infd.edu.ar\/sitio\/wp-content\/uploads\/2022\/12\/2932728.png\" alt=\"\" srcset=\"https:\/\/csjmestrada-ers.infd.edu.ar\/sitio\/wp-content\/uploads\/2022\/12\/2932728.png 512w, https:\/\/csjmestrada-ers.infd.edu.ar\/sitio\/wp-content\/uploads\/2022\/12\/2932728-500x500.png 500w\" sizes=\"(max-width: 512px) 100vw, 512px\" \/><\/a><\/td><\/tr><\/tbody><\/table><\/figure>\n\n\n\n<p class=\"has-base-3-color has-accent-background-color has-text-color has-background\">PROFESORADO DE M\u00daSICA CON ORIENTACI\u00d3N EN EDUCACI\u00d3N MUSICAL<\/p>\n\n\n\n<figure class=\"wp-block-table\"><table><tbody><tr><td>1 CURSO INTRODUCTORIO 2026 &#8211; M\u00d3DULO I Y II<\/td><td><a href=\"https:\/\/drive.google.com\/file\/d\/1Vo4uzMQjhJHWpVps76tak0mOoFC5MFZz\/view?usp=drive_link\" target=\"_blank\" rel=\"noreferrer noopener\"><img decoding=\"async\" loading=\"lazy\" width=\"512\" height=\"512\" class=\"wp-image-7346\" style=\"width: 60px;\" src=\"https:\/\/csjmestrada-ers.infd.edu.ar\/sitio\/wp-content\/uploads\/2022\/12\/2932728.png\" alt=\"\" srcset=\"https:\/\/csjmestrada-ers.infd.edu.ar\/sitio\/wp-content\/uploads\/2022\/12\/2932728.png 512w, https:\/\/csjmestrada-ers.infd.edu.ar\/sitio\/wp-content\/uploads\/2022\/12\/2932728-500x500.png 500w\" sizes=\"(max-width: 512px) 100vw, 512px\" \/><\/a><\/td><\/tr><tr><td>2 CURSO INTRODUCTORIO 2026 &#8211; M\u00d3DULO III<\/td><td><a href=\"https:\/\/drive.google.com\/file\/d\/1P2z00VEPjQkJz2wD-xwNDbjfSJCoVsW2\/view?usp=drive_link\" target=\"_blank\" rel=\"noreferrer noopener\"><img decoding=\"async\" loading=\"lazy\" width=\"512\" height=\"512\" class=\"wp-image-7346\" style=\"width: 60px;\" src=\"https:\/\/csjmestrada-ers.infd.edu.ar\/sitio\/wp-content\/uploads\/2022\/12\/2932728.png\" alt=\"\" srcset=\"https:\/\/csjmestrada-ers.infd.edu.ar\/sitio\/wp-content\/uploads\/2022\/12\/2932728.png 512w, https:\/\/csjmestrada-ers.infd.edu.ar\/sitio\/wp-content\/uploads\/2022\/12\/2932728-500x500.png 500w\" sizes=\"(max-width: 512px) 100vw, 512px\" \/><\/a><\/td><\/tr><tr><td>CRONOGRAM CURSO INTRODUCTORIO 2026 <\/td><td><a href=\"https:\/\/drive.google.com\/file\/d\/15ALJnXqcWylStB9Cx1rU3yfbvqoVrsZY\/view?usp=drive_link\" target=\"_blank\" rel=\"noreferrer noopener\"><img decoding=\"async\" loading=\"lazy\" width=\"512\" height=\"512\" class=\"wp-image-7346\" style=\"width: 60px;\" src=\"https:\/\/csjmestrada-ers.infd.edu.ar\/sitio\/wp-content\/uploads\/2022\/12\/2932728.png\" alt=\"\" srcset=\"https:\/\/csjmestrada-ers.infd.edu.ar\/sitio\/wp-content\/uploads\/2022\/12\/2932728.png 512w, https:\/\/csjmestrada-ers.infd.edu.ar\/sitio\/wp-content\/uploads\/2022\/12\/2932728-500x500.png 500w\" sizes=\"(max-width: 512px) 100vw, 512px\" \/><\/a><\/td><\/tr><\/tbody><\/table><\/figure>\n","protected":false},"excerpt":{"rendered":"<p>PROFESORADO DE EDUCACI\u00d3N PRIMARIA 1-INTRODUCCI\u00d3N A LA CARRERA DOCENTE-TALLER INTRODUCTORIO 2-INTRODUCTORIO 2026 PRIMARIA- M\u00d3DULO I Y II 3-INTRODUCTORIO 2026 PRIMARIA- M\u00d3DULO III CRONOGRAMA DEL CURSO INTRODUCTORIO PROFESORADO DE ARTES VISUALES 1 CURSO INTRODUCTORIO 2026 &#8211; M\u00d3DULO I Y II 2 CURSO INTRODUCTORIO 2026 &#8211; TALLERES ESPEC\u00cdFICOS MATERIAL TALLERES ESPEC\u00cdFICOS CRONOGRAM CURSO INTRODUCTORIO 2026 PROFESORADO DE &#8230; <a title=\"CURSO INTRODUCTORIO 2026\" class=\"read-more\" href=\"https:\/\/csjmestrada-ers.infd.edu.ar\/sitio\/curso-introductorio-2025\/\" aria-label=\"More on CURSO INTRODUCTORIO 2026\">[+]<\/a><\/p>\n","protected":false},"author":1744,"featured_media":0,"parent":0,"menu_order":0,"comment_status":"closed","ping_status":"closed","template":"","meta":[],"acf":[],"_links":{"self":[{"href":"https:\/\/csjmestrada-ers.infd.edu.ar\/sitio\/wp-json\/wp\/v2\/pages\/12926"}],"collection":[{"href":"https:\/\/csjmestrada-ers.infd.edu.ar\/sitio\/wp-json\/wp\/v2\/pages"}],"about":[{"href":"https:\/\/csjmestrada-ers.infd.edu.ar\/sitio\/wp-json\/wp\/v2\/types\/page"}],"author":[{"embeddable":true,"href":"https:\/\/csjmestrada-ers.infd.edu.ar\/sitio\/wp-json\/wp\/v2\/users\/1744"}],"replies":[{"embeddable":true,"href":"https:\/\/csjmestrada-ers.infd.edu.ar\/sitio\/wp-json\/wp\/v2\/comments?post=12926"}],"version-history":[{"count":12,"href":"https:\/\/csjmestrada-ers.infd.edu.ar\/sitio\/wp-json\/wp\/v2\/pages\/12926\/revisions"}],"predecessor-version":[{"id":14101,"href":"https:\/\/csjmestrada-ers.infd.edu.ar\/sitio\/wp-json\/wp\/v2\/pages\/12926\/revisions\/14101"}],"wp:attachment":[{"href":"https:\/\/csjmestrada-ers.infd.edu.ar\/sitio\/wp-json\/wp\/v2\/media?parent=12926"}],"curies":[{"name":"wp","href":"https:\/\/api.w.org\/{rel}","templated":true}]}}