{"id":12537,"date":"2024-10-11T01:38:13","date_gmt":"2024-10-11T04:38:13","guid":{"rendered":"https:\/\/csjmestrada-ers.infd.edu.ar\/sitio\/?page_id=12537"},"modified":"2026-02-12T21:03:52","modified_gmt":"2026-02-13T00:03:52","slug":"ingresantes-2026","status":"publish","type":"page","link":"https:\/\/csjmestrada-ers.infd.edu.ar\/sitio\/ingresantes-2026\/","title":{"rendered":"INGRESANTES 2026"},"content":{"rendered":"\n<h2 class=\"wp-block-heading has-text-align-center\">Instituto de Educaci\u00f3n Superior de Bovril<\/h2>\n\n\n\n<h3 class=\"wp-block-heading has-text-align-center\">(Dependiente de la Direcci\u00f3n de Nivel Superior del CGE)<\/h3>\n\n\n\n<h3 class=\"wp-block-heading has-text-align-center\">T\u00edtulos oficiales con validez nacional       <\/h3>\n\n\n\n<h3 class=\"wp-block-heading has-text-align-center\">Carreras de cursado presencial<\/h3>\n\n\n\n<h1 class=\"wp-block-heading has-text-align-center\"><strong>INGRESANTES 202<\/strong>6<\/h1>\n\n\n<div class=\"page\" title=\"Page 1\">\n<div class=\"section\">\n<div class=\"section\">\n<div class=\"layoutArea\">\n<div class=\"column\">&nbsp;<\/div>\n<\/div>\n<\/div>\n<div class=\"section\">\n<div class=\"layoutArea\">\n<div class=\"column\">\n<pre style=\"text-align: center;\">Para ser INGRESANTE del INSTITUTO DE EDUCACI\u00d3N SUPERIOR DE BOVRIL hay que inscribirse en tres pasos:<\/pre>\n<\/div>\n<\/div>\n<\/div>\n<div class=\"section\">\n<div class=\"layoutArea\">\n<div class=\"column\">\n<p>Primero, realizar la PRE-INSCRIPCI\u00d3N ONLINE&nbsp; a trav\u00e9s del siguiente enlace <a href=\"https:\/\/docs.google.com\/forms\/d\/e\/1FAIpQLSfNwa0ii2huZQCyEJX_kBbK06QT8PT3aHrizNDkEtiPRhLPOw\/closedform\" target=\"_blank\" rel=\"noopener\">ACCEDER&nbsp;<\/a><\/p>\n<p><img decoding=\"async\" loading=\"lazy\" class=\" wp-image-13919 aligncenter\" src=\"https:\/\/csjmestrada-ers.infd.edu.ar\/sitio\/wp-content\/uploads\/2026\/02\/602342090_1461337509334471_1059838925940231770_n-1000x1000.jpg\" alt=\"\" width=\"514\" height=\"514\" srcset=\"https:\/\/csjmestrada-ers.infd.edu.ar\/sitio\/wp-content\/uploads\/2026\/02\/602342090_1461337509334471_1059838925940231770_n-1000x1000.jpg 1000w, https:\/\/csjmestrada-ers.infd.edu.ar\/sitio\/wp-content\/uploads\/2026\/02\/602342090_1461337509334471_1059838925940231770_n-500x500.jpg 500w, https:\/\/csjmestrada-ers.infd.edu.ar\/sitio\/wp-content\/uploads\/2026\/02\/602342090_1461337509334471_1059838925940231770_n-768x768.jpg 768w, https:\/\/csjmestrada-ers.infd.edu.ar\/sitio\/wp-content\/uploads\/2026\/02\/602342090_1461337509334471_1059838925940231770_n.jpg 1080w\" sizes=\"(max-width: 514px) 100vw, 514px\" \/><\/p>\n<\/div>\n<\/div>\n<\/div>\n<div class=\"section\">\n<div class=\"layoutArea\">\n<div class=\"column\">\n<p>Segundo, subir toda la documentaci\u00f3n completa y digitalizada a la carpeta compartida por la Instituci\u00f3n. (Fecha a confirmar).<\/p>\n<p>Tercero, para formalizar su inscripci\u00f3n en la carrera elegida, deber\u00e1 presentarse en la instituci\u00f3n con la documentaci\u00f3n original para su verificaci\u00f3n. Hasta entonces, su inscripci\u00f3n no ser\u00e1 confirmada.<\/p>\n<p><strong>\u00bfQu\u00e9 documentaci\u00f3n se debe presentar?<\/strong><\/p>\n<ul>\n<li><a href=\"https:\/\/csjmestrada-ers.infd.edu.ar\/sitio\/wp-content\/uploads\/2026\/02\/Formulario-de-Inscripcion.pdf\" target=\"_blank\" rel=\"noopener\">Formulario de Inscripci\u00f3n <\/a><a style=\"font-size: revert;\" href=\"https:\/\/csjmestrada-ers.infd.edu.ar\/sitio\/wp-content\/uploads\/2025\/02\/Formulario-de-Inscripcion.pdf\" target=\"_blank\" rel=\"noopener\"><img decoding=\"async\" loading=\"lazy\" class=\"alignnone\" src=\"https:\/\/encrypted-tbn0.gstatic.com\/images?q=tbn:ANd9GcQU-SfzXThiZohm4X13Prjj7tw142NctYYlVh_AiFdu3evHywupZw\" alt=\"\" width=\"34\" height=\"34\" border=\"0\"><\/a> <span style=\"color: #ff9900;\"><strong style=\"font-size: revert;\">(con foto, todos los campos completos: personales e institucionales, fechada y firmada al pie.<\/strong><\/span><\/li>\n<\/ul>\n<\/div>\n<\/div>\n<\/div>\n<div class=\"section\">\n<div class=\"layoutArea\">\n<div class=\"column\">\n<ul>\n<li>Certificado de finalizacio\u0301n de estudios de Nivel Secundario o constancia de ti\u0301tulo en tra\u0301mite.<\/li>\n<li>DNI <strong><span style=\"color: #ff9900;\">(ambos lados).<\/span><\/strong><\/li>\n<li>Acta de nacimiento actualizada.<\/li>\n<li>Constancia de CUIL.<\/li>\n<li>Situaciones particulares en relaci\u00f3n con la salud (certificados, informes).<\/li>\n<li>Certificado&nbsp;\u00danico de Discapacidad (CUD,&nbsp;en&nbsp;caso de que corresponda)<\/li>\n<\/ul>\n<\/div>\n<\/div>\n<\/div>\n<div class=\"section\">\n<div class=\"layoutArea\">\n<div class=\"column\">\n<p>Subir la documentaci\u00f3n <strong>DIGITALIZADA<\/strong> a la carpeta personal compartida por correo electr\u00f3nico desde la Instituci\u00f3n.&nbsp;&nbsp;<strong><br><\/strong><\/p>\n<\/div>\n<\/div>\n<\/div>\n<div class=\"section\">\n<div class=\"layoutArea\">\n<div class=\"column\">\n<p><strong>ACLARACIONES:<\/strong><\/p>\n<p style=\"font-weight: 400;\">***Esta documentaci\u00f3n deber\u00e1 ser verificada en la instituci\u00f3n con la documentaci\u00f3n original en formato papel. En fecha y horario que ser\u00e1n oportunamente informados.&nbsp;<\/p>\n<\/div>\n<\/div>\n<\/div>\n<div class=\"section\">\n<div class=\"layoutArea\">\n<div class=\"column\">\n<p>***El\/la ingresante que no posee estudios secundarios completos, sera\u0301 inscripto\/a como \u201cestudiante provisorio\u201d. Debiendo acreditar su finalizaci\u00f3n como fecha l\u00edmite el \u00faltimo d\u00eda h\u00e1bil previo al receso de invierno.<\/p>\n<p>***Haberse pre-inscripto\/a es condici\u00f3n para recibir la documentaci\u00f3n.&nbsp;<\/p>\n<\/div>\n<\/div>\n<\/div>\n<div class=\"layoutArea\">\n<div class=\"column\">\n<p>***<strong>El CICLO INTRODUCTORIO<\/strong> es de cara\u0301cter obligatorio para todos los estudiantes, con asistencia y actividades a acreditar. Es el inicio del cursado de la carrera.<\/p>\n<p>Asistir con el material de trabajo (cuadernillo digitalizado o impreso). El mismo estar\u00e1 a disposici\u00f3n en este sitio una vez confirmadas las inscripciones.<\/p>\n<p><strong>Fecha de inicio curso introductorio: 9 de marzo de 2026<\/strong><\/p>\n<p><\/p>\n<p><strong>Segu\u00ed las novedades en:<\/strong><\/p>\n<p>https:\/\/www.facebook.com\/iesbovril&nbsp;<\/p>\n<p>https:\/\/www.instagram.com\/iesbovril\/&nbsp;<\/p>\n<p><strong>Correo de contacto por consultas:<\/strong><\/p>\n<p>ies.bovril.lp@entrerios.edu.ar&nbsp;<\/p>\n<p>preceptoriaiesbovril@gmail.com&nbsp;<\/p>\n<p><\/p>\n<\/div>\n<\/div>\n<\/div>\n<div class=\"layoutArea\">\n<div class=\"column\">&nbsp;<\/div>\n<\/div>\n<\/div>\n<p style=\"text-align: right;\"><em>&nbsp;<\/em><\/p>","protected":false},"excerpt":{"rendered":"<p>Instituto de Educaci\u00f3n Superior de Bovril (Dependiente de la Direcci\u00f3n de Nivel Superior del CGE) T\u00edtulos oficiales con validez nacional Carreras de cursado presencial INGRESANTES 2026 &nbsp; Para ser INGRESANTE del INSTITUTO DE EDUCACI\u00d3N SUPERIOR DE BOVRIL hay que inscribirse en tres pasos: Primero, realizar la PRE-INSCRIPCI\u00d3N ONLINE&nbsp; a trav\u00e9s del siguiente enlace ACCEDER&nbsp; Segundo, &#8230; <a title=\"INGRESANTES 2026\" class=\"read-more\" href=\"https:\/\/csjmestrada-ers.infd.edu.ar\/sitio\/ingresantes-2026\/\" aria-label=\"More on INGRESANTES 2026\">[+]<\/a><\/p>\n","protected":false},"author":1744,"featured_media":0,"parent":0,"menu_order":0,"comment_status":"closed","ping_status":"closed","template":"","meta":[],"acf":[],"_links":{"self":[{"href":"https:\/\/csjmestrada-ers.infd.edu.ar\/sitio\/wp-json\/wp\/v2\/pages\/12537"}],"collection":[{"href":"https:\/\/csjmestrada-ers.infd.edu.ar\/sitio\/wp-json\/wp\/v2\/pages"}],"about":[{"href":"https:\/\/csjmestrada-ers.infd.edu.ar\/sitio\/wp-json\/wp\/v2\/types\/page"}],"author":[{"embeddable":true,"href":"https:\/\/csjmestrada-ers.infd.edu.ar\/sitio\/wp-json\/wp\/v2\/users\/1744"}],"replies":[{"embeddable":true,"href":"https:\/\/csjmestrada-ers.infd.edu.ar\/sitio\/wp-json\/wp\/v2\/comments?post=12537"}],"version-history":[{"count":12,"href":"https:\/\/csjmestrada-ers.infd.edu.ar\/sitio\/wp-json\/wp\/v2\/pages\/12537\/revisions"}],"predecessor-version":[{"id":13926,"href":"https:\/\/csjmestrada-ers.infd.edu.ar\/sitio\/wp-json\/wp\/v2\/pages\/12537\/revisions\/13926"}],"wp:attachment":[{"href":"https:\/\/csjmestrada-ers.infd.edu.ar\/sitio\/wp-json\/wp\/v2\/media?parent=12537"}],"curies":[{"name":"wp","href":"https:\/\/api.w.org\/{rel}","templated":true}]}}