{"id":1239,"date":"2018-06-28T17:21:51","date_gmt":"2018-06-28T20:21:51","guid":{"rendered":"https:\/\/csjmestrada-ers.infd.edu.ar\/sitio\/centro-de-estudiantes\/"},"modified":"2023-11-12T18:59:07","modified_gmt":"2023-11-12T21:59:07","slug":"centro-de-estudiantes","status":"publish","type":"page","link":"https:\/\/csjmestrada-ers.infd.edu.ar\/sitio\/centro-de-estudiantes\/","title":{"rendered":"Centro de Estudiantes"},"content":{"rendered":"\n<p><strong>Normativa de referencia:<\/strong><\/p>\n\n\n\n<p><a href=\"http:\/\/www.saij.gob.ar\/legislacion\/ley-entre_rios-10215-ley_centros_estudiantes.htm\">Ley provincial 10.215&nbsp;&#8211; Centro de Estudiantes<\/a><\/p>\n\n\n\n<p><a href=\"http:\/\/portales.educacion.gov.ar\/infd\/wp-content\/blogs.dir\/27\/files\/2013\/08\/Ley-Nacional-26877-CentrosdeEstudiantes.pdf\">Ley nacional 26.877 &#8211; Centro de Estudiantes<\/a><\/p>\n\n\n\n<p><a title=\"Estatuto del Centro de Estudiantes Estrada\" href=\"upload\/Estatuto_Centro_de_EsTudiantes_Estrada.pdf\" target=\"_blank\" rel=\"noopener\">ESTATUTO DEL CENTRO DE ESTUDIANTES ESTRADA<\/a><\/p>\n\n\n\n<p><strong> <\/strong><\/p>\n\n\n\n<p><strong>Gesti\u00f3n 2022-2023<\/strong><\/p>\n\n\n\n<p><span style=\"color: #000000;\"><strong>Autoridades de la Comisi\u00f3n Directiva:\u00a0<\/strong><\/span><\/p>\n\n\n\n<p><font color=\"#000000\">Presidente:<\/font><span style=\"\"><b style=\"color: rgb(0, 0, 0);\">\u00a0Oronel, <\/b><\/span><span style=\"color: #000000;\"><strong>\u00c1ngel Facundo<\/strong><\/span><\/p>\n\n\n\n<p><span style=\"color: #000000;\">Vicepresidente<strong>: Fern\u00e1ndez, Sof\u00eda<\/strong><\/span><\/p>\n\n\n\n<p><span style=\"color: #000000;\">Secretario General:<strong>&nbsp;Fascendini, Abril<\/strong><\/span><\/p>\n\n\n\n<p><span style=\"color: #000000;\">Secretario de finanzas:<strong>&nbsp;Rodr\u00edguez, Agostina<\/strong><\/span><\/p>\n\n\n\n<p>Secretario de comunicaciones: <strong>Esp\u00edndola, Sim\u00f3n<\/strong><\/p>\n\n\n\n<p>Secretario de cultura: <strong>Gonz\u00e1les, Ver\u00f3nica<\/strong><\/p>\n\n\n\n<p>Secretaria de asuntos estudiantiles: <strong>Fern\u00e1ndez, Leandro Nahuel<\/strong><\/p>\n\n\n\n<p><span style=\"color: #000000;\">Vocales:<\/span><strong><span style=\"color: #000000;\"> Santana, Vanesa<\/span> &#8211; G\u00f3mez, Emilce &#8211; Irrazabal, Marisol<\/strong><\/p>\n\n\n\n<p class=\"has-text-align-center\"><span style=\"background-color: #ff0000; color: #000000;\"><strong>Gesti\u00f3n 2017-2018<\/strong><\/span><\/p>\n\n\n\n<p class=\"has-text-align-center\"><span style=\"color: #000000;\"><strong>Centro de Estudiantes \u00abAut\u00f3nomo\u00bb&nbsp;&nbsp;(CEA)<\/strong><\/span><\/p>\n\n\n\n<figure class=\"wp-block-image\"><img decoding=\"async\" src=\"https:\/\/scontent-eze1-1.xx.fbcdn.net\/v\/t1.0-9\/23032328_10210831151556532_6502797342204499472_n.jpg?oh=ca53fb3e1faaad90b1b2a9c4d0642616&amp;oe=5AC76F87\" alt=\"\"\/><\/figure>\n\n\n\n<p class=\"has-text-align-center\"><span style=\"color: #000000;\"><strong><\/strong><\/span><\/p>\n\n\n\n<p><span style=\"color: #000000;\"><strong>Autoridades de la Comisi\u00f3n Directiva:&nbsp;<\/strong><\/span><\/p>\n\n\n\n<p><span style=\"color: #000000;\">Presidente:<strong>&nbsp;Ridruejo, Ignacio<br><\/strong><\/span><\/p>\n\n\n\n<p><span style=\"color: #000000;\">Vicepresidente<strong>: Giordano, Mauro<\/strong><\/span><\/p>\n\n\n\n<p><span style=\"color: #000000;\">Secretario General:<strong>&nbsp;Heit, Nicol\u00e1s<\/strong><\/span><\/p>\n\n\n\n<p><span style=\"color: #000000;\">Secretario de Actas:<strong>&nbsp;Luque, Luciano<\/strong><\/span><\/p>\n\n\n\n<p><span style=\"color: #000000;\">Tesorero:<strong>&nbsp;<\/strong><strong>&nbsp;Dobler Carlos<br><\/strong><\/span><\/p>\n\n\n\n<p><span style=\"color: #000000;\">Secretario de Prensa y Comunicaci\u00f3n:<strong>&nbsp;Gervasoni, Hern\u00e1n<\/strong><\/span><\/p>\n\n\n\n<p><span style=\"color: #000000;\">Secretario de Asuntos Estudiantiles<strong>: Schonfeld, Eduardo<\/strong><\/span><\/p>\n\n\n\n<p><span style=\"color: #000000;\">Secretario de 1\u00b0 a\u00f1o y Delegados:<strong>&nbsp;Nuttini, Gabriel<\/strong><\/span><\/p>\n\n\n\n<p><span style=\"color: #000000;\">Secretario de Cultura:<strong>&nbsp;R\u00edos, Abel<\/strong><\/span><\/p>\n\n\n\n<p><span style=\"color: #000000;\">Secretario de Deportes y Recreaci\u00f3n :<strong>&nbsp;Mendez, N\u00e9stor<\/strong><\/span><\/p>\n\n\n\n<p><span style=\"color: #000000;\">1\u00b0 Suplente:<strong>&nbsp;<\/strong><strong>&nbsp;Luna, Nicol\u00e1s<\/strong><\/span><\/p>\n\n\n\n<p>2\u00b0 Suplente:<strong>&nbsp;Olivo, Laura<\/strong><\/p>\n\n\n\n<p><span style=\"color: #000000;\">&nbsp;<\/span><\/p>\n\n\n\n<p class=\"has-text-align-center\"><span style=\"background-color: #ffcc00; color: #000000;\"><strong>Gesti\u00f3n 2016-2017<\/strong><\/span><\/p>\n\n\n\n<p class=\"has-text-align-center\"><span style=\"color: #000000;\"><strong>Centro de Estudiantes \u00abAut\u00f3nomo\u00bb (CEA)<\/strong><\/span><\/p>\n\n\n\n<p><span style=\"color: #000000;\"><strong>Autoridades de la Comisi\u00f3n Directiva:&nbsp;<\/strong><\/span><\/p>\n\n\n\n<p><span style=\"color: #000000;\">Presidente:<strong> <strong>Natella, Flavio<\/strong><br><\/strong><\/span><\/p>\n\n\n\n<p><span style=\"color: #000000;\">Vicepresidente<strong>: Ridruejo, Ignacio<\/strong><\/span><\/p>\n\n\n\n<p><span style=\"color: #000000;\">Secretario General:<strong>&nbsp;Heit, Nicol\u00e1s<\/strong><\/span><\/p>\n\n\n\n<p><span style=\"color: #000000;\">Secretario de Actas:<strong>&nbsp;Schanton, Florencia<\/strong><\/span><\/p>\n\n\n\n<p><span style=\"color: #000000;\">Tesorero:<strong>&nbsp;<\/strong><strong> Dobler Carlos<br><\/strong><\/span><\/p>\n\n\n\n<p><span style=\"color: #000000;\">Secretario de Prensa y Comunicaci\u00f3n:<strong>&nbsp;Lanzi, Yamila<\/strong><\/span><\/p>\n\n\n\n<p><span style=\"color: #000000;\">Secretaria de 1\u00b0 a\u00f1o y Delegados:<strong>&nbsp;Ackerman, Andrea<\/strong><\/span><\/p>\n\n\n\n<p><span style=\"color: #000000;\">Secretaria de Cultura:<strong>&nbsp;Sauer Jofre, Yael<\/strong><\/span><\/p>\n\n\n\n<p><span style=\"color: #000000;\">Secretario de Deporte y Recreaci\u00f3n:<strong>&nbsp;Mendez, Nestor<\/strong><\/span><\/p>\n\n\n\n<p><span style=\"color: #000000;\">1\u00b0 Suplente:<strong>&nbsp;<\/strong><strong> Trepatt, Issa<\/strong><strong><br><\/strong><\/span><\/p>\n\n\n\n<p><span style=\"color: #000000;\">2\u00b0 Suplente:<strong>&nbsp;Saavedra, Ivana<\/strong><\/span><\/p>\n\n\n\n<p><span style=\"color: #000000;\">&nbsp;<\/span><\/p>\n\n\n\n<p class=\"has-text-align-center\"><span style=\"background-color: #ff00ff; color: #000000;\"><strong>Gesti\u00f3n 2015-2016<\/strong><\/span><\/p>\n\n\n\n<p class=\"has-text-align-center\"><span style=\"color: #000000;\"><strong>\u00abUni\u00f3n y Fuerza\u00bb&nbsp;<\/strong><\/span><\/p>\n\n\n\n<figure class=\"wp-block-image\"><img decoding=\"async\" src=\"https:\/\/scontent-eze1-1.xx.fbcdn.net\/v\/t1.0-9\/12932613_1766310350265746_4653495982794196572_n.jpg?oh=ebbff5dd028d6665bcfe3abcb06bcd46&amp;oe=5AB68992\" alt=\"\"\/><\/figure>\n\n\n\n<p class=\"has-text-align-center\"><span style=\"color: #000000;\"><strong><\/strong><\/span><\/p>\n\n\n\n<p><span style=\"color: #000000;\"><strong>Autoridades de la Comisi\u00f3n Directiva:&nbsp;<\/strong><\/span><\/p>\n\n\n\n<p><span style=\"color: #000000;\">Presidente:<strong>&nbsp;Gomez, leonardo<br><\/strong><\/span><\/p>\n\n\n\n<p><span style=\"color: #000000;\">Vicepresidente<strong>: Troncoso, Ximena<\/strong><\/span><\/p>\n\n\n\n<p><span style=\"color: #000000;\">Secretario General:<strong>&nbsp;Rodriguez, Clarisa<\/strong><\/span><\/p>\n\n\n\n<p><span style=\"color: #000000;\">Secretario de Actas:<strong>&nbsp;Barreto, Araceli<\/strong><\/span><\/p>\n\n\n\n<p><span style=\"color: #000000;\">Tesorero:<strong>&nbsp;<\/strong><strong>&nbsp;Tito, Magal\u00ed<br><\/strong><\/span><\/p>\n\n\n\n<p><span style=\"color: #000000;\">Secretario de Prensa y Comunicaci\u00f3n:<strong>&nbsp;Natella, Flavio<\/strong><\/span><\/p>\n\n\n\n<p><span style=\"color: #000000;\">Secretario de Asuntos Estudiantiles<strong>: Sosa, Jennifer<\/strong><\/span><\/p>\n\n\n\n<p><span style=\"color: #000000;\">Secretaria de 1\u00b0 a\u00f1o y Delegados:<strong>&nbsp;Noriega, Maximiliano<\/strong><\/span><\/p>\n\n\n\n<p><span style=\"color: #000000;\">Secretaria de Cultura:<strong>&nbsp;Tom\u00e9, Fernanda<\/strong><\/span><\/p>\n\n\n\n<p><span style=\"color: #000000;\">Secretario de Deporte y Recreaci\u00f3n:<strong>&nbsp;Rupp, Clarisa<\/strong><\/span><\/p>\n\n\n\n<p><span style=\"color: #000000;\">1\u00b0 Suplente:<strong>&nbsp;<\/strong><strong>&nbsp;Wheishein, Carina<\/strong><strong><br><\/strong><\/span><\/p>\n\n\n\n<p><span style=\"color: #000000;\">2\u00b0 Suplente:<strong>&nbsp;Valdez, Rosa<\/strong><\/span><\/p>\n\n\n\n<p class=\"has-text-align-center\"><span style=\"background-color: #666699; color: #000000;\"><strong>Gesti\u00f3n 2014-2015<\/strong><\/span><\/p>\n\n\n\n<p class=\"has-text-align-center\"><span style=\"color: #000000;\"><strong>\u00abCentro Estudiantil Estrada\u00bb&nbsp; (CEE)<\/strong><\/span><\/p>\n\n\n\n<p><span style=\"color: #000000;\"><strong>Autoridades de la Comisi\u00f3n Directiva:&nbsp;<\/strong><\/span><\/p>\n\n\n\n<p><span lang=\"ES-AR\" style=\"font-size: 10pt; font-family: Verdana, sans-serif; color: #000000;\">Presidente:<strong><span style=\"font-family: 'Verdana','sans-serif';\">&nbsp;Trinchero, Rodrigo<\/span><\/strong><\/span><\/p>\n\n\n\n<p><span lang=\"ES-AR\" style=\"font-size: 10pt; font-family: Verdana, sans-serif; color: #000000;\">Vicepresidente<strong><span style=\"font-family: 'Verdana','sans-serif';\">:&nbsp;Berd\u00fan, Nadia<\/span><\/strong><\/span><\/p>\n\n\n\n<p><span lang=\"ES-AR\" style=\"font-size: 10pt; font-family: Verdana, sans-serif; color: #000000;\">Secretaria General:<strong><span style=\"font-family: 'Verdana','sans-serif';\">&nbsp;Barrera, Jorge Miguel<\/span><\/strong><\/span><\/p>\n\n\n\n<p><span lang=\"ES-AR\" style=\"font-size: 10pt; font-family: Verdana, sans-serif; color: #000000;\">Secretario de Actas:<strong><span style=\"font-family: 'Verdana','sans-serif';\">&nbsp;Cisnero Dami\u00e1n Alberto<\/span><\/strong><\/span><\/p>\n\n\n\n<p><span lang=\"ES-AR\" style=\"font-size: 10pt; font-family: Verdana, sans-serif; color: #000000;\">Tesorera:<strong><span style=\"font-family: 'Verdana','sans-serif';\">&nbsp;L\u00f3pez Dietz, Nora Yamila<\/span><\/strong><\/span><\/p>\n\n\n\n<p><span lang=\"ES-AR\" style=\"font-size: 10pt; font-family: Verdana, sans-serif; color: #000000;\">Secretario de Prensa:<strong><span style=\"font-family: 'Verdana','sans-serif';\">&nbsp;Trinidad, Dami\u00e1n Roberto<\/span><\/strong><\/span><\/p>\n\n\n\n<p><span lang=\"ES-AR\" style=\"font-size: 10pt; font-family: Verdana, sans-serif; color: #000000;\">Secretario de Asuntos Estudiantiles<strong><span style=\"font-family: 'Verdana','sans-serif';\">:&nbsp;Rodriguez, Diego Orlando<\/span><\/strong><\/span><\/p>\n\n\n\n<p><span lang=\"ES-AR\" style=\"font-size: 10pt; font-family: Verdana, sans-serif; color: #000000;\">Secretaria de 1\u00b0 a\u00f1o y Delegados:<strong><span style=\"font-family: 'Verdana','sans-serif';\">&nbsp;Maidana, valeria Ver\u00f3nica<\/span><\/strong><\/span><\/p>\n\n\n\n<p><span lang=\"ES-AR\" style=\"font-size: 10pt; font-family: Verdana, sans-serif; color: #000000;\">Secretaria de Cultura:<strong><span style=\"font-family: 'Verdana','sans-serif';\">&nbsp;Rodriguez, Mar\u00eda Agostina<\/span><\/strong><\/span><\/p>\n\n\n\n<p><span lang=\"ES-AR\" style=\"font-size: 10pt; font-family: Verdana, sans-serif; color: #000000;\">Secretario de Deporte:<strong><span style=\"font-family: 'Verdana','sans-serif';\">&nbsp;&nbsp;Furl\u00e1n, Juan Jos\u00e9 Anibal<\/span><\/strong><\/span><\/p>\n\n\n\n<p><span style=\"color: #000000;\"><span lang=\"ES-AR\" style=\"font-size: 10pt; font-family: Verdana, sans-serif;\">1\u00b0 Suplente:<\/span><strong><span lang=\"ES-AR\" style=\"font-size: 10pt; font-family: Verdana, sans-serif;\"> Luque, Luciana Abigail<\/span><\/strong><\/span><\/p>\n\n\n\n<p><span style=\"color: #000000;\"><span lang=\"ES-AR\" style=\"font-size: 10pt; font-family: Verdana, sans-serif;\">2\u00b0 Suplente:<\/span><strong><span lang=\"ES-AR\" style=\"font-size: 10pt; font-family: Verdana, sans-serif;\"> Billordo, Mar\u00eda In\u00e9s<\/span><\/strong><\/span><\/p>\n\n\n\n<p class=\"has-text-align-center\"><span style=\"background-color: #00ccff; color: #000000;\"><strong>Gesti\u00f3n 2013-2014<\/strong><\/span><\/p>\n\n\n\n<p class=\"has-text-align-center\"><span style=\"color: #000000;\"><strong>\u00abCentro Estudiantil Estrada\u00bb&nbsp; (CEE)<\/strong><\/span><\/p>\n\n\n\n<figure class=\"wp-block-image\"><img decoding=\"async\" src=\"https:\/\/csjmestrada-ers.infd.edu.ar\/sitio\/wp-content\/uploads\/2018\/06\/1382899_611455855588881_888695267_n.jpg\" alt=\"\"\/><\/figure>\n\n\n\n<p class=\"has-text-align-center\"><span style=\"color: #000000;\"><strong><\/strong><\/span><\/p>\n\n\n\n<p><span style=\"color: #000000;\"><strong>Autoridades de la Comisi\u00f3n Directiva:&nbsp;<\/strong><\/span><\/p>\n\n\n\n<p><span style=\"color: #000000;\">Presidente: <strong>Beltzer, Julio<\/strong><\/span><\/p>\n\n\n\n<p><span style=\"color: #000000;\">Vicepresidente: <strong>Trinchero, Rodrigo<\/strong><\/span><\/p>\n\n\n\n<p><span style=\"color: #000000;\">Secretaria General: <strong>Mayer, Alejandra<\/strong><\/span><\/p>\n\n\n\n<p><span style=\"color: #000000;\">Secretario de Actas: <strong>Sanchez, Leandro<\/strong><\/span><\/p>\n\n\n\n<p><span style=\"color: #000000;\">Tesorera: <strong>Berd\u00fan, Nadia<\/strong><\/span><\/p>\n\n\n\n<p><span style=\"color: #000000;\">Secretario de Prensa: <strong>Plem, Maximiliano<\/strong><\/span><\/p>\n\n\n\n<p><span style=\"color: #000000;\">Secretario de Asuntos Estudiantiles: <strong>Moyano, Fabi\u00e1n<\/strong><\/span><\/p>\n\n\n\n<p><span style=\"color: #000000;\">Secretaria de Delegados: <strong>Lescano, Marisa<\/strong><\/span><\/p>\n\n\n\n<p><span style=\"color: #000000;\">Secretaria de Cultura: <strong>Videla, Eliana<\/strong><\/span><\/p>\n\n\n\n<p><span style=\"color: #000000;\">Secretario de Deporte: <strong>Rusch, Cristian<\/strong><\/span><\/p>\n\n\n\n<p><span style=\"color: #000000;\">1\u00b0 Suplente: <strong>Galv\u00e1n, Ileana<\/strong><\/span><\/p>\n\n\n\n<p><span style=\"color: #000000;\">2\u00b0 Suplente: <strong>Ledesma, Juan<\/strong><\/span><\/p>\n","protected":false},"excerpt":{"rendered":"<p>Normativa de referencia: Ley provincial 10.215&nbsp;&#8211; Centro de Estudiantes Ley nacional 26.877 &#8211; Centro de Estudiantes ESTATUTO DEL CENTRO DE ESTUDIANTES ESTRADA Gesti\u00f3n 2022-2023 Autoridades de la Comisi\u00f3n Directiva:\u00a0 Presidente:\u00a0Oronel, \u00c1ngel Facundo Vicepresidente: Fern\u00e1ndez, Sof\u00eda Secretario General:&nbsp;Fascendini, Abril Secretario de finanzas:&nbsp;Rodr\u00edguez, Agostina Secretario de comunicaciones: Esp\u00edndola, Sim\u00f3n Secretario de cultura: Gonz\u00e1les, Ver\u00f3nica Secretaria de asuntos &#8230; <a title=\"Centro de Estudiantes\" class=\"read-more\" href=\"https:\/\/csjmestrada-ers.infd.edu.ar\/sitio\/centro-de-estudiantes\/\" aria-label=\"More on Centro de Estudiantes\">[+]<\/a><\/p>\n","protected":false},"author":4,"featured_media":0,"parent":0,"menu_order":0,"comment_status":"closed","ping_status":"closed","template":"","meta":[],"acf":[],"_links":{"self":[{"href":"https:\/\/csjmestrada-ers.infd.edu.ar\/sitio\/wp-json\/wp\/v2\/pages\/1239"}],"collection":[{"href":"https:\/\/csjmestrada-ers.infd.edu.ar\/sitio\/wp-json\/wp\/v2\/pages"}],"about":[{"href":"https:\/\/csjmestrada-ers.infd.edu.ar\/sitio\/wp-json\/wp\/v2\/types\/page"}],"author":[{"embeddable":true,"href":"https:\/\/csjmestrada-ers.infd.edu.ar\/sitio\/wp-json\/wp\/v2\/users\/4"}],"replies":[{"embeddable":true,"href":"https:\/\/csjmestrada-ers.infd.edu.ar\/sitio\/wp-json\/wp\/v2\/comments?post=1239"}],"version-history":[{"count":6,"href":"https:\/\/csjmestrada-ers.infd.edu.ar\/sitio\/wp-json\/wp\/v2\/pages\/1239\/revisions"}],"predecessor-version":[{"id":9460,"href":"https:\/\/csjmestrada-ers.infd.edu.ar\/sitio\/wp-json\/wp\/v2\/pages\/1239\/revisions\/9460"}],"wp:attachment":[{"href":"https:\/\/csjmestrada-ers.infd.edu.ar\/sitio\/wp-json\/wp\/v2\/media?parent=1239"}],"curies":[{"name":"wp","href":"https:\/\/api.w.org\/{rel}","templated":true}]}}