{"id":1228,"date":"2018-06-28T17:21:46","date_gmt":"2018-06-28T20:21:46","guid":{"rendered":"https:\/\/csjmestrada-ers.infd.edu.ar\/sitio\/biblioteca-digital\/"},"modified":"2026-03-02T20:30:14","modified_gmt":"2026-03-02T23:30:14","slug":"biblioteca-digital","status":"publish","type":"page","link":"https:\/\/csjmestrada-ers.infd.edu.ar\/sitio\/biblioteca-digital\/","title":{"rendered":"Biblioteca Digital"},"content":{"rendered":"\n<figure class=\"wp-block-image size-large is-style-rounded\"><img decoding=\"async\" loading=\"lazy\" width=\"1170\" height=\"221\" src=\"https:\/\/csjmestrada-ers.infd.edu.ar\/sitio\/wp-content\/uploads\/2022\/12\/header-banner.jpg\" alt=\"\" class=\"wp-image-6914\" srcset=\"https:\/\/csjmestrada-ers.infd.edu.ar\/sitio\/wp-content\/uploads\/2022\/12\/header-banner.jpg 1170w, https:\/\/csjmestrada-ers.infd.edu.ar\/sitio\/wp-content\/uploads\/2022\/12\/header-banner-1000x189.jpg 1000w, https:\/\/csjmestrada-ers.infd.edu.ar\/sitio\/wp-content\/uploads\/2022\/12\/header-banner-768x145.jpg 768w\" sizes=\"(max-width: 1170px) 100vw, 1170px\" \/><\/figure>\n\n\n<p>\u00a0<\/p>\n<p>&#x1f4da;\u200b\u00a0<a href=\"https:\/\/drive.google.com\/file\/d\/1nZ5H_uYMjaxFFcNLLoGkZCztYpocOqgg\/view\">Biblioteca ESyS N\u00ba 7 J. Manuel Estrada<\/a><\/p>\n<p><a href=\"https:\/\/sites.google.com\/educ.ar\/biblioteca-digital\/inicio\">&#x1f4da;\u200b Biblioteca Virtual<\/a><\/p>\n<p><a href=\"https:\/\/bibliotecadigitalderecursos.blogspot.com\/\">&#x1f4da; Biblioteca Virtual<\/a><\/p>\n<p>&#x1f4da;\u200b\u00a0<a href=\"http:\/\/www.bnm.me.gov.ar\/\">Biblioteca Nacional del Maestro\u00a0<\/a><\/p>\n<p>&#x1f4da;\u200b\u00a0<a href=\"http:\/\/www.cervantesvirtual.com\/portales\/biblioteca_literatura_infantil_juvenil\/\">Biblioteca Virtual de literatura infantil y juvenil \u00abMiguel Cervantes\u00bb<\/a><\/p>\n<p>&#x1f4da;\u00a0<a href=\"http:\/\/www.ffyh.unc.edu.ar\/biblioteca\/\">Biblioteca \u201cElma K. de Estrabou\u201dsurgi\u00f3 al crearse el Instituto de Filosof\u00eda de la UNC<\/a><\/p>\n<p>&#x1f4da; <a href=\"http:\/\/inta.gob.ar\/parana\">Instituto Nacional de Tecnolog\u00eda Agropecuaria (INTA)\u00a0<\/a><\/p>\n<p><a href=\"http:\/\/www.inet.edu.ar\/index.php\/material-de-capacitacion\/\">&#x1f4da;\u00a0Instituto Nacional de Eduaci\u00f3n Tecnol\u00f3gica (INET)<\/a><\/p>\n<p>\u00a0<\/p>\n<p><a href=\"http:\/\/www.oei.es\/historico\/bibliotecadigital.php\">&#x1f4da;\u00a0Biblioteca Digital de la OEI (Organizaci\u00f3n de los Estados Iberoamericanos)<\/a><\/p>\n<p>&#x1f4da;\u00a0<a href=\"http:\/\/www.argenbio.org\/index.php?action=biblioteca&amp;opt=8\">Biblioteca de Argenbio<\/a>\u00a0(Biotecnolog\u00eda)<\/p>\n<p style=\"text-align: left;\">&#x1f4d9; <a href=\"http:\/\/inta.gob.ar\/parana\">Instituto Nacional de Tecnolog\u00eda Agropecuaria (INTA)\u00a0<\/a><\/p>\n<p style=\"text-align: left;\"><a href=\"http:\/\/www.inet.edu.ar\/index.php\/material-de-capacitacion\/\">&#x1f4d9; Instituto Nacional de Eduacaci\u00f3n Tecnol\u00f3gica (INET)<\/a><\/p>\n<p style=\"text-align: left;\"><a href=\"http:\/\/www.oei.es\/historico\/bibliotecadigital.php\">&#x1f4d9; Biblioteca Digital de la OEI (Organizaci\u00f3n de los Estados Iberoamericanos)<\/a><\/p>\n<p style=\"text-align: left;\">&#x1f4d9; <a href=\"http:\/\/www.argenbio.org\/index.php?action=biblioteca&amp;opt=8\">Biblioteca de Argenbio<\/a>\u00a0(Biotecnolog\u00eda)<\/p>\n<p style=\"text-align: left;\">\u00a0<\/p>\n<p style=\"text-align: left;\">\u00a0<\/p>","protected":false},"excerpt":{"rendered":"<p>\u00a0 &#x1f4da;\u200b\u00a0Biblioteca ESyS N\u00ba 7 J. Manuel Estrada &#x1f4da;\u200b Biblioteca Virtual &#x1f4da; Biblioteca Virtual &#x1f4da;\u200b\u00a0Biblioteca Nacional del Maestro\u00a0 &#x1f4da;\u200b\u00a0Biblioteca Virtual de literatura infantil y juvenil \u00abMiguel Cervantes\u00bb &#x1f4da;\u00a0Biblioteca \u201cElma K. de Estrabou\u201dsurgi\u00f3 al crearse el Instituto de Filosof\u00eda de la UNC &#x1f4da; Instituto Nacional de Tecnolog\u00eda Agropecuaria (INTA)\u00a0 &#x1f4da;\u00a0Instituto Nacional de Eduaci\u00f3n Tecnol\u00f3gica (INET) \u00a0 &#8230; <a title=\"Biblioteca Digital\" class=\"read-more\" href=\"https:\/\/csjmestrada-ers.infd.edu.ar\/sitio\/biblioteca-digital\/\" aria-label=\"More on Biblioteca Digital\">[+]<\/a><\/p>\n","protected":false},"author":637,"featured_media":0,"parent":0,"menu_order":0,"comment_status":"closed","ping_status":"closed","template":"","meta":[],"acf":[],"_links":{"self":[{"href":"https:\/\/csjmestrada-ers.infd.edu.ar\/sitio\/wp-json\/wp\/v2\/pages\/1228"}],"collection":[{"href":"https:\/\/csjmestrada-ers.infd.edu.ar\/sitio\/wp-json\/wp\/v2\/pages"}],"about":[{"href":"https:\/\/csjmestrada-ers.infd.edu.ar\/sitio\/wp-json\/wp\/v2\/types\/page"}],"author":[{"embeddable":true,"href":"https:\/\/csjmestrada-ers.infd.edu.ar\/sitio\/wp-json\/wp\/v2\/users\/637"}],"replies":[{"embeddable":true,"href":"https:\/\/csjmestrada-ers.infd.edu.ar\/sitio\/wp-json\/wp\/v2\/comments?post=1228"}],"version-history":[{"count":5,"href":"https:\/\/csjmestrada-ers.infd.edu.ar\/sitio\/wp-json\/wp\/v2\/pages\/1228\/revisions"}],"predecessor-version":[{"id":14003,"href":"https:\/\/csjmestrada-ers.infd.edu.ar\/sitio\/wp-json\/wp\/v2\/pages\/1228\/revisions\/14003"}],"wp:attachment":[{"href":"https:\/\/csjmestrada-ers.infd.edu.ar\/sitio\/wp-json\/wp\/v2\/media?parent=1228"}],"curies":[{"name":"wp","href":"https:\/\/api.w.org\/{rel}","templated":true}]}}