{"id":1226,"date":"2018-06-28T17:21:46","date_gmt":"2018-06-28T20:21:46","guid":{"rendered":"https:\/\/csjmestrada-ers.infd.edu.ar\/sitio\/feria-de-las-carreras-2016\/"},"modified":"2018-08-30T15:56:27","modified_gmt":"2018-08-30T18:56:27","slug":"feria-de-las-carreras-2016","status":"publish","type":"page","link":"https:\/\/csjmestrada-ers.infd.edu.ar\/sitio\/feria-de-las-carreras-2016\/","title":{"rendered":"Feria de las Carreras -2016-"},"content":{"rendered":"<p style=\"text-align: center;\"><strong><span style=\"font-family: trebuchet ms,geneva; font-size: 12pt; color: #ff0000;\">Feria de las Carreras \u00abEl Becario Te Muestra\u00bb<\/span><\/strong><\/p>\n<p style=\"text-align: center;\"><strong><span style=\"font-family: trebuchet ms,geneva; font-size: 12pt; color: #ff0000;\">Paran\u00e1,\u00a02016.<\/span><\/strong><\/p>\n<p style=\"text-align: center;\"><span style=\"font-size: 12pt;\">Los estudiantes <em><strong>Magal\u00ed Tito<\/strong><\/em> (Profesorado de Educaci\u00f3n Inicial), <strong><em>Leonardo Gomez<\/em> <\/strong>(Profesorado de Educaci\u00f3n Primaria) e <strong><em>Ignacio Ruidrejo<\/em> <\/strong>(Tecnicatura Superior en Administraci\u00f3n de Empresas) junto a <em><strong>Adri\u00e1n Pollack<\/strong> <\/em>(CIPE), participaron el d\u00eda 29 de agosto en la Feria de las Carreras \u00abEl Becario Te Muestra\u00bb para difundir las carreras que se dictan en la instituci\u00f3n ant\u00e9 estudiantes de toda la provincia.\u00a0<\/span><\/p>\n<p style=\"text-align: center;\"><span style=\"color: #000080; font-size: 12pt;\"><b style=\"color: #000080; font-size: 12pt;\">\u00a1Gracias por <\/b><span style=\"color: #000080;\"><b>representar<\/b><\/span><b style=\"color: #000080; font-size: 12pt;\">\u00a0la instituci\u00f3n!<\/b><\/span><\/p>\n<p style=\"text-align: center;\"><strong><span style=\"font-size: 10pt;\"><img decoding=\"async\" loading=\"lazy\" src=\"upload\/WhatsApp_Image_2016-08-29_at_10.49.48.jpeg\" width=\"476\" height=\"268\" border=\"0\" \/><\/span><\/strong><\/p>\n<p style=\"text-align: center;\"><img decoding=\"async\" loading=\"lazy\" src=\"upload\/WhatsApp_Image_2016-08-29_at_10.49.42.jpeg\" width=\"472\" height=\"266\" border=\"0\" \/><\/p>\n<p style=\"text-align: center;\"><img decoding=\"async\" loading=\"lazy\" src=\"upload\/WhatsApp_Image_2016-08-30_at_15.37.42.jpeg\" width=\"465\" height=\"261\" border=\"0\" \/><\/p>\n<p style=\"text-align: center;\"><img decoding=\"async\" loading=\"lazy\" src=\"upload\/WhatsApp_Image_2016-08-30_at_15.36.50.jpeg\" width=\"462\" height=\"346\" border=\"0\" \/><\/p>\n<p style=\"text-align: center;\"><img decoding=\"async\" loading=\"lazy\" src=\"upload\/WhatsApp_Image_2016-08-30_at_15.37.21.jpeg\" width=\"461\" height=\"259\" border=\"0\" \/><\/p>\n<p style=\"text-align: center;\"><img decoding=\"async\" loading=\"lazy\" class=\"\" src=\"upload\/WhatsApp_Image_2016-08-30_at_15.36.49.jpeg\" width=\"462\" height=\"347\" border=\"0\" \/><\/p>\n<p style=\"text-align: center;\">\u00a0<strong>M\u00e1s info en <span style=\"color: #0000ff;\"><span style=\"font-size: 8pt;\">\u00a0<\/span><span style=\"font-size: 8pt;\"><a style=\"color: #0000ff;\" href=\"http:\/\/www.elonce.com\/secciones\/sociedad\/474783-gran-interns-de-alumnos-secundarios-en-la-feria-de-las-carreras.htm\">http:\/\/www.elonce.com\/se<\/a><\/span>\u00a0<span style=\"font-size: 8pt;\"><a style=\"color: #0000ff;\" href=\"http:\/\/www.elonce.com\/secciones\/sociedad\/474783-gran-interns-de-alumnos-secundarios-en-la-feria-de-las-carreras.htm\">cciones\/sociedad\/474783-gran-interns-de-alumnos-secundarios-en-la-feria-de-las-carreras.htm<\/a><\/span><\/span><\/strong><\/p>\n","protected":false},"excerpt":{"rendered":"<p>Feria de las Carreras \u00abEl Becario Te Muestra\u00bb Paran\u00e1,\u00a02016. Los estudiantes Magal\u00ed Tito (Profesorado de Educaci\u00f3n Inicial), Leonardo Gomez (Profesorado de Educaci\u00f3n Primaria) e Ignacio Ruidrejo (Tecnicatura Superior en Administraci\u00f3n de Empresas) junto a Adri\u00e1n Pollack (CIPE), participaron el d\u00eda 29 de agosto en la Feria de las Carreras \u00abEl Becario Te Muestra\u00bb para difundir &#8230; <a title=\"Feria de las Carreras -2016-\" class=\"read-more\" href=\"https:\/\/csjmestrada-ers.infd.edu.ar\/sitio\/feria-de-las-carreras-2016\/\" aria-label=\"More on Feria de las Carreras -2016-\">[+]<\/a><\/p>\n","protected":false},"author":637,"featured_media":0,"parent":0,"menu_order":0,"comment_status":"closed","ping_status":"closed","template":"","meta":[],"acf":[],"_links":{"self":[{"href":"https:\/\/csjmestrada-ers.infd.edu.ar\/sitio\/wp-json\/wp\/v2\/pages\/1226"}],"collection":[{"href":"https:\/\/csjmestrada-ers.infd.edu.ar\/sitio\/wp-json\/wp\/v2\/pages"}],"about":[{"href":"https:\/\/csjmestrada-ers.infd.edu.ar\/sitio\/wp-json\/wp\/v2\/types\/page"}],"author":[{"embeddable":true,"href":"https:\/\/csjmestrada-ers.infd.edu.ar\/sitio\/wp-json\/wp\/v2\/users\/637"}],"replies":[{"embeddable":true,"href":"https:\/\/csjmestrada-ers.infd.edu.ar\/sitio\/wp-json\/wp\/v2\/comments?post=1226"}],"version-history":[{"count":4,"href":"https:\/\/csjmestrada-ers.infd.edu.ar\/sitio\/wp-json\/wp\/v2\/pages\/1226\/revisions"}],"predecessor-version":[{"id":1537,"href":"https:\/\/csjmestrada-ers.infd.edu.ar\/sitio\/wp-json\/wp\/v2\/pages\/1226\/revisions\/1537"}],"wp:attachment":[{"href":"https:\/\/csjmestrada-ers.infd.edu.ar\/sitio\/wp-json\/wp\/v2\/media?parent=1226"}],"curies":[{"name":"wp","href":"https:\/\/api.w.org\/{rel}","templated":true}]}}