{"id":1223,"date":"2018-06-28T17:21:44","date_gmt":"2018-06-28T20:21:44","guid":{"rendered":"https:\/\/csjmestrada-ers.infd.edu.ar\/sitio\/con-cooperativa-ganadera\/"},"modified":"2018-08-30T15:31:24","modified_gmt":"2018-08-30T18:31:24","slug":"con-cooperativa-ganadera","status":"publish","type":"page","link":"https:\/\/csjmestrada-ers.infd.edu.ar\/sitio\/con-cooperativa-ganadera\/","title":{"rendered":"Con Cooperativa Ganadera"},"content":{"rendered":"<p><strong>CONVENIO de PR\u00c1CTICAS PROFESIONALIZANTES con la COOPERATIVA GANADERA \u00abEL PRONUNCIAMIENTO\u00bb LTDA.\u00a0<\/strong><\/p>\n<p>El d\u00eda 11 de Agosto de 2016, en el marco de las Pr\u00e1cticas Profesionalizantes de la Tecnicatura Superior en Gesti\u00f3n y Administraci\u00f3n de Empresas Agropecuarias, y con el fin de fortalecer la formaci\u00f3n acad\u00e9mica de los futuros t\u00e9cnicos se firm\u00f3 un convenio con la\u00a0<strong>COOPERATIVA GANADERA \u00abEL PRONUNCIAMIENTO\u00bb LTDA.\u00a0<\/strong>\u00a0En dicha oportunidad participaron del acto el Sr. N\u00e9stor Asmus y la Sra. Marta de Asmus, representantes y propietarios de la empresa y la Secretaria Acad\u00e9mica, Prof. Licia Vicari y Coordinadora de Pr\u00e1cticas Profesionalizantes, Ing. Agr. Mabel Contador, en representaci\u00f3n de la Instituci\u00f3n.<\/p>\n<p><img decoding=\"async\" loading=\"lazy\" style=\"display: block; margin-left: auto; margin-right: auto;\" src=\"upload\/20160811_173557_resized.jpg\" width=\"287\" height=\"383\" border=\"0\" \/><\/p>\n","protected":false},"excerpt":{"rendered":"<p>CONVENIO de PR\u00c1CTICAS PROFESIONALIZANTES con la COOPERATIVA GANADERA \u00abEL PRONUNCIAMIENTO\u00bb LTDA.\u00a0 El d\u00eda 11 de Agosto de 2016, en el marco de las Pr\u00e1cticas Profesionalizantes de la Tecnicatura Superior en Gesti\u00f3n y Administraci\u00f3n de Empresas Agropecuarias, y con el fin de fortalecer la formaci\u00f3n acad\u00e9mica de los futuros t\u00e9cnicos se firm\u00f3 un convenio con la\u00a0COOPERATIVA &#8230; <a title=\"Con Cooperativa Ganadera\" class=\"read-more\" href=\"https:\/\/csjmestrada-ers.infd.edu.ar\/sitio\/con-cooperativa-ganadera\/\" aria-label=\"More on Con Cooperativa Ganadera\">[+]<\/a><\/p>\n","protected":false},"author":637,"featured_media":0,"parent":0,"menu_order":0,"comment_status":"closed","ping_status":"closed","template":"","meta":[],"acf":[],"_links":{"self":[{"href":"https:\/\/csjmestrada-ers.infd.edu.ar\/sitio\/wp-json\/wp\/v2\/pages\/1223"}],"collection":[{"href":"https:\/\/csjmestrada-ers.infd.edu.ar\/sitio\/wp-json\/wp\/v2\/pages"}],"about":[{"href":"https:\/\/csjmestrada-ers.infd.edu.ar\/sitio\/wp-json\/wp\/v2\/types\/page"}],"author":[{"embeddable":true,"href":"https:\/\/csjmestrada-ers.infd.edu.ar\/sitio\/wp-json\/wp\/v2\/users\/637"}],"replies":[{"embeddable":true,"href":"https:\/\/csjmestrada-ers.infd.edu.ar\/sitio\/wp-json\/wp\/v2\/comments?post=1223"}],"version-history":[{"count":2,"href":"https:\/\/csjmestrada-ers.infd.edu.ar\/sitio\/wp-json\/wp\/v2\/pages\/1223\/revisions"}],"predecessor-version":[{"id":1530,"href":"https:\/\/csjmestrada-ers.infd.edu.ar\/sitio\/wp-json\/wp\/v2\/pages\/1223\/revisions\/1530"}],"wp:attachment":[{"href":"https:\/\/csjmestrada-ers.infd.edu.ar\/sitio\/wp-json\/wp\/v2\/media?parent=1223"}],"curies":[{"name":"wp","href":"https:\/\/api.w.org\/{rel}","templated":true}]}}