{"id":1221,"date":"2018-06-28T17:21:44","date_gmt":"2018-06-28T20:21:44","guid":{"rendered":"https:\/\/csjmestrada-ers.infd.edu.ar\/sitio\/con-empresa-gotte-s-a\/"},"modified":"2018-08-30T15:32:35","modified_gmt":"2018-08-30T18:32:35","slug":"con-empresa-gotte-s-a","status":"publish","type":"page","link":"https:\/\/csjmestrada-ers.infd.edu.ar\/sitio\/con-empresa-gotte-s-a\/","title":{"rendered":"Con Empresa G\u00f6tte S.A."},"content":{"rendered":"<p><strong>CONVENIO de PR\u00c1CTICAS PROFESIONALIZANTES con EMPRESA G\u00d6TTE S.A.<\/strong><\/p>\n<p>El d\u00eda 11 de Agosto de 2016, en el marco de las Pr\u00e1cticas Profesionalizantes de la Tecnicatura Superior en Gesti\u00f3n y Administraci\u00f3n de Empresas Agropecuarias, y con el fin de fortalecer la formaci\u00f3n acad\u00e9mica de los futuros t\u00e9cnicos se firm\u00f3 un convenio con la EMPRESA G\u00d6TTE S.A. En dicha oportunidad participaron del acto el\u00a0Sr. Sergio G\u00f6tte, representante y propietario de la empresa y la Secretaria Acad\u00e9mica, Prof. Licia Vicari y Coordinadora de Pr\u00e1cticas Profesionalizantes, Ing. Agr. Mabel Contador, en representaci\u00f3n de la Instituci\u00f3n.<\/p>\n<p>&nbsp;<\/p>\n<p><img decoding=\"async\" loading=\"lazy\" style=\"display: block; margin-left: auto; margin-right: auto;\" src=\"upload\/20160811_170425_resized.jpg\" width=\"431\" height=\"323\" border=\"0\" \/><\/p>\n","protected":false},"excerpt":{"rendered":"<p>CONVENIO de PR\u00c1CTICAS PROFESIONALIZANTES con EMPRESA G\u00d6TTE S.A. El d\u00eda 11 de Agosto de 2016, en el marco de las Pr\u00e1cticas Profesionalizantes de la Tecnicatura Superior en Gesti\u00f3n y Administraci\u00f3n de Empresas Agropecuarias, y con el fin de fortalecer la formaci\u00f3n acad\u00e9mica de los futuros t\u00e9cnicos se firm\u00f3 un convenio con la EMPRESA G\u00d6TTE S.A. &#8230; <a title=\"Con Empresa G\u00f6tte S.A.\" class=\"read-more\" href=\"https:\/\/csjmestrada-ers.infd.edu.ar\/sitio\/con-empresa-gotte-s-a\/\" aria-label=\"More on Con Empresa G\u00f6tte S.A.\">[+]<\/a><\/p>\n","protected":false},"author":637,"featured_media":0,"parent":0,"menu_order":0,"comment_status":"closed","ping_status":"closed","template":"","meta":[],"acf":[],"_links":{"self":[{"href":"https:\/\/csjmestrada-ers.infd.edu.ar\/sitio\/wp-json\/wp\/v2\/pages\/1221"}],"collection":[{"href":"https:\/\/csjmestrada-ers.infd.edu.ar\/sitio\/wp-json\/wp\/v2\/pages"}],"about":[{"href":"https:\/\/csjmestrada-ers.infd.edu.ar\/sitio\/wp-json\/wp\/v2\/types\/page"}],"author":[{"embeddable":true,"href":"https:\/\/csjmestrada-ers.infd.edu.ar\/sitio\/wp-json\/wp\/v2\/users\/637"}],"replies":[{"embeddable":true,"href":"https:\/\/csjmestrada-ers.infd.edu.ar\/sitio\/wp-json\/wp\/v2\/comments?post=1221"}],"version-history":[{"count":1,"href":"https:\/\/csjmestrada-ers.infd.edu.ar\/sitio\/wp-json\/wp\/v2\/pages\/1221\/revisions"}],"predecessor-version":[{"id":1531,"href":"https:\/\/csjmestrada-ers.infd.edu.ar\/sitio\/wp-json\/wp\/v2\/pages\/1221\/revisions\/1531"}],"wp:attachment":[{"href":"https:\/\/csjmestrada-ers.infd.edu.ar\/sitio\/wp-json\/wp\/v2\/media?parent=1221"}],"curies":[{"name":"wp","href":"https:\/\/api.w.org\/{rel}","templated":true}]}}