{"id":1209,"date":"2018-06-28T17:21:38","date_gmt":"2018-06-28T20:21:38","guid":{"rendered":"https:\/\/csjmestrada-ers.infd.edu.ar\/sitio\/proyectos-de-catedra-anuales\/"},"modified":"2026-02-24T19:52:35","modified_gmt":"2026-02-24T22:52:35","slug":"proyectos-de-catedra-anuales","status":"publish","type":"page","link":"https:\/\/csjmestrada-ers.infd.edu.ar\/sitio\/proyectos-de-catedra-anuales\/","title":{"rendered":"Proyectos de c\u00e1tedra anuales"},"content":{"rendered":"\n<p><\/p>\n\n\n\n<figure class=\"wp-block-table table\"><table><tbody><tr><th class=\"has-text-align-center\" data-align=\"center\"><center>A\u00d1O<center><\/center><\/center><\/th><th class=\"has-text-align-center\" data-align=\"center\"><center>CARRERA<center><\/center><\/center><\/th><\/tr><tr><td class=\"has-text-align-center\" data-align=\"center\">2026<\/td><td class=\"has-text-align-center\" data-align=\"center\"><\/td><\/tr><tr><td class=\"has-text-align-center\" data-align=\"center\">2025<\/td><td class=\"has-text-align-center\" data-align=\"center\"><a href=\"https:\/\/drive.google.com\/drive\/folders\/15bBccNYNbjaXzsvmLaZJ_Scb2g8pMMBi?usp=drive_link\" target=\"_blank\" rel=\"noreferrer noopener\">Proyectos de C\u00e1tedras 2025<\/a><\/td><\/tr><tr><td class=\"has-text-align-center\" data-align=\"center\">2024<br><\/td><td class=\"has-text-align-center\" data-align=\"center\"><a href=\"https:\/\/drive.google.com\/drive\/folders\/1JNJyClpHQ2HvG_FzUipo27MWlEgjaY-D?usp=drive_link\" target=\"_blank\" rel=\"noreferrer noopener\">Proyectos de C\u00e1tedras 2024<\/a><\/td><\/tr><tr><td class=\"has-text-align-center\" data-align=\"center\">2023<\/td><td class=\"has-text-align-center\" data-align=\"center\"><a href=\"https:\/\/drive.google.com\/drive\/folders\/10OmCtJQe8nFXVWXZbRHOR26xdikf7JK2?usp=drive_link\" target=\"_blank\" rel=\"noreferrer noopener\">Proyectos de C\u00e1tedras 2023<\/a><\/td><\/tr><tr><td class=\"has-text-align-center\" data-align=\"center\">2022<\/td><td class=\"has-text-align-center\" data-align=\"center\"><a href=\"https:\/\/drive.google.com\/drive\/folders\/1HJS-qFbGPt6AoYAu3i1Glc50gnUriJBt?usp=drive_link\" target=\"_blank\" rel=\"noreferrer noopener\">Proyectos <\/a><a rel=\"noreferrer noopener\" href=\"https:\/\/drive.google.com\/drive\/folders\/1HJS-qFbGPt6AoYAu3i1Glc50gnUriJBt?usp=drive_link\" target=\"_blank\">de C\u00e1tedras <\/a><a href=\"https:\/\/drive.google.com\/drive\/folders\/1HJS-qFbGPt6AoYAu3i1Glc50gnUriJBt?usp=drive_link\" target=\"_blank\" rel=\"noreferrer noopener\">2022<\/a><\/td><\/tr><tr><td class=\"has-text-align-center\" data-align=\"center\">2021<\/td><td class=\"has-text-align-center\" data-align=\"center\"><a href=\"https:\/\/drive.google.com\/drive\/folders\/1iplTRcQB0hVIDDvI-bgBZSkIiMHSa3mD?usp=drive_link\" target=\"_blank\" rel=\"noreferrer noopener\">Proyectos de C\u00e1tedras 2021<\/a><\/td><\/tr><tr><td class=\"has-text-align-center\" data-align=\"center\">2020<\/td><td class=\"has-text-align-center\" data-align=\"center\"><a href=\"https:\/\/drive.google.com\/drive\/folders\/1-V7NDgwK_qnGBpmh8p0fIieITN0t_vZS?usp=drive_link\" target=\"_blank\" rel=\"noreferrer noopener\">Proyectos de C\u00e1tedras 2020<\/a><\/td><\/tr><tr><td class=\"has-text-align-center\" data-align=\"center\">2019<\/td><td class=\"has-text-align-center\" data-align=\"center\"><a href=\"https:\/\/drive.google.com\/drive\/folders\/1cf3YwJ6RwqRJxUDdB722tH5c635b1mdF?usp=drive_link\" target=\"_blank\" rel=\"noreferrer noopener\">Proyectos de C\u00e1tedras 2019<\/a><\/td><\/tr><tr><td class=\"has-text-align-center\" data-align=\"center\">2018<\/td><td class=\"has-text-align-center\" data-align=\"center\"><a href=\"https:\/\/drive.google.com\/drive\/folders\/1GW7d5au2VzQ8g7d6YwFuNwE1A2pICEPk?usp=drive_link\" target=\"_blank\" rel=\"noreferrer noopener\">Proyectos de C\u00e1tedras 2018<\/a><\/td><\/tr><tr><td class=\"has-text-align-center\" data-align=\"center\">2017<\/td><td class=\"has-text-align-center\" data-align=\"center\"><a href=\"https:\/\/drive.google.com\/drive\/folders\/1Yeybok8IheMC8JuZ-Ol4-E05vHZzaKCC?usp=drive_link\" target=\"_blank\" rel=\"noreferrer noopener\">Proyectos de C\u00e1tedras 2017<\/a><\/td><\/tr><tr><td class=\"has-text-align-center\" data-align=\"center\">2016<\/td><td class=\"has-text-align-center\" data-align=\"center\"><a href=\"https:\/\/drive.google.com\/drive\/folders\/1DzggJUGcHbFcw1Dbekcrwa7GoMehViLT?usp=drive_link\" target=\"_blank\" rel=\"noreferrer noopener\">Proyectos de C\u00e1tedras 2016<\/a><\/td><\/tr><tr><td class=\"has-text-align-center\" data-align=\"center\">2015<\/td><td class=\"has-text-align-center\" data-align=\"center\"><a href=\"https:\/\/drive.google.com\/drive\/folders\/1Eg6aO9zSNwxhGjBcuc8Tg5K-tGHdWq2s?usp=drive_link\" target=\"_blank\" rel=\"noreferrer noopener\">Proyectos de C\u00e1tedras 2015<\/a><\/td><\/tr><tr><td class=\"has-text-align-center\" data-align=\"center\">2014<\/td><td class=\"has-text-align-center\" data-align=\"center\"><a href=\"https:\/\/drive.google.com\/drive\/folders\/1676rDivZ4DoB0Yvdl8SaIx_j3Mqb6sgY?usp=drive_link\" target=\"_blank\" rel=\"noreferrer noopener\">Proyectos de C\u00e1tedras 2014<\/a><\/td><\/tr><tr><td class=\"has-text-align-center\" data-align=\"center\">2013<\/td><td class=\"has-text-align-center\" data-align=\"center\"><a href=\"https:\/\/drive.google.com\/drive\/folders\/135eCIxFifDq0jVJf3Wz6NMdPdeycD_i4?usp=drive_link\" target=\"_blank\" rel=\"noreferrer noopener\">Proyectos de C\u00e1tedras 2013<\/a><\/td><\/tr><tr><\/tr><\/tbody><\/table><\/figure>\n","protected":false},"excerpt":{"rendered":"<p>A\u00d1O CARRERA 2026 2025 Proyectos de C\u00e1tedras 2025 2024 Proyectos de C\u00e1tedras 2024 2023 Proyectos de C\u00e1tedras 2023 2022 Proyectos de C\u00e1tedras 2022 2021 Proyectos de C\u00e1tedras 2021 2020 Proyectos de C\u00e1tedras 2020 2019 Proyectos de C\u00e1tedras 2019 2018 Proyectos de C\u00e1tedras 2018 2017 Proyectos de C\u00e1tedras 2017 2016 Proyectos de C\u00e1tedras 2016 2015 Proyectos &#8230; <a title=\"Proyectos de c\u00e1tedra anuales\" class=\"read-more\" href=\"https:\/\/csjmestrada-ers.infd.edu.ar\/sitio\/proyectos-de-catedra-anuales\/\" aria-label=\"More on Proyectos de c\u00e1tedra anuales\">[+]<\/a><\/p>\n","protected":false},"author":637,"featured_media":0,"parent":0,"menu_order":0,"comment_status":"closed","ping_status":"closed","template":"","meta":[],"acf":[],"_links":{"self":[{"href":"https:\/\/csjmestrada-ers.infd.edu.ar\/sitio\/wp-json\/wp\/v2\/pages\/1209"}],"collection":[{"href":"https:\/\/csjmestrada-ers.infd.edu.ar\/sitio\/wp-json\/wp\/v2\/pages"}],"about":[{"href":"https:\/\/csjmestrada-ers.infd.edu.ar\/sitio\/wp-json\/wp\/v2\/types\/page"}],"author":[{"embeddable":true,"href":"https:\/\/csjmestrada-ers.infd.edu.ar\/sitio\/wp-json\/wp\/v2\/users\/637"}],"replies":[{"embeddable":true,"href":"https:\/\/csjmestrada-ers.infd.edu.ar\/sitio\/wp-json\/wp\/v2\/comments?post=1209"}],"version-history":[{"count":101,"href":"https:\/\/csjmestrada-ers.infd.edu.ar\/sitio\/wp-json\/wp\/v2\/pages\/1209\/revisions"}],"predecessor-version":[{"id":13939,"href":"https:\/\/csjmestrada-ers.infd.edu.ar\/sitio\/wp-json\/wp\/v2\/pages\/1209\/revisions\/13939"}],"wp:attachment":[{"href":"https:\/\/csjmestrada-ers.infd.edu.ar\/sitio\/wp-json\/wp\/v2\/media?parent=1209"}],"curies":[{"name":"wp","href":"https:\/\/api.w.org\/{rel}","templated":true}]}}