{"id":1179,"date":"2018-06-28T17:21:25","date_gmt":"2018-06-28T20:21:25","guid":{"rendered":"https:\/\/csjmestrada-ers.infd.edu.ar\/sitio\/normativa\/"},"modified":"2026-02-26T21:53:59","modified_gmt":"2026-02-27T00:53:59","slug":"normativa","status":"publish","type":"page","link":"https:\/\/csjmestrada-ers.infd.edu.ar\/sitio\/normativa\/","title":{"rendered":"Reglamentaci\u00f3n acad\u00e9mica"},"content":{"rendered":"\n<p class=\"has-text-align-center has-white-color has-vivid-cyan-blue-background-color has-text-color has-background\"><strong>R\u00c9GIMEN ACAD\u00c9MICO MARCO<\/strong><\/p>\n\n\n\n<div class=\"wp-block-columns is-layout-flex wp-container-2\">\n<div class=\"wp-block-column is-layout-flow\" style=\"flex-basis:100%\">\n<figure class=\"wp-block-table is-style-stripes\"><table class=\"has-base-3-background-color has-background has-fixed-layout\"><tbody><tr><td class=\"has-text-align-center\" data-align=\"center\">Nuevo R\u00e9gimen Acad\u00e9mico Marco (RAM) &#8211; (<strong>Resoluci\u00f3n N\u00b0 0249\/24 CGE<\/strong>)<\/td><td class=\"has-text-align-center\" data-align=\"center\"><a href=\"https:\/\/drive.google.com\/file\/d\/1V4Ip5n62s6aroNhIuvBhrgpTkjYlkYBw\/view?usp=drive_link\" target=\"_blank\" rel=\"noreferrer noopener\"><img decoding=\"async\" loading=\"lazy\" width=\"512\" height=\"512\" class=\"wp-image-7346\" style=\"width: 60px;\" src=\"https:\/\/csjmestrada-ers.infd.edu.ar\/sitio\/wp-content\/uploads\/2022\/12\/2932728.png\" alt=\"\" srcset=\"https:\/\/csjmestrada-ers.infd.edu.ar\/sitio\/wp-content\/uploads\/2022\/12\/2932728.png 512w, https:\/\/csjmestrada-ers.infd.edu.ar\/sitio\/wp-content\/uploads\/2022\/12\/2932728-500x500.png 500w\" sizes=\"(max-width: 512px) 100vw, 512px\" \/><\/a><\/td><\/tr><\/tbody><\/table><\/figure>\n<\/div>\n<\/div>\n\n\n\n<p class=\"has-text-align-center has-white-color has-vivid-cyan-blue-background-color has-text-color has-background\"><strong>R\u00c9GIMEN ORG\u00c1NICO MARCO<\/strong><\/p>\n\n\n\n<figure class=\"wp-block-table is-style-stripes\"><table class=\"has-base-3-background-color has-background has-fixed-layout\"><tbody><tr><td>Cosejo Directivo Institucional (<strong>Resoluci\u00f3n N\u00b0 0895\/24<\/strong> <strong>CGE<\/strong>)<\/td><td class=\"has-text-align-center\" data-align=\"center\"><a href=\"https:\/\/drive.google.com\/file\/d\/1luXXPbhX5UxrogrFtOxiSdJtVJ-iOsS6\/view?usp=drive_link\" target=\"_blank\" rel=\"noreferrer noopener\"><img decoding=\"async\" loading=\"lazy\" width=\"512\" height=\"512\" class=\"wp-image-11298\" style=\"width: 60px;\" src=\"https:\/\/csjmestrada-ers.infd.edu.ar\/sitio\/wp-content\/uploads\/2024\/03\/2932728.png\" alt=\"\" srcset=\"https:\/\/csjmestrada-ers.infd.edu.ar\/sitio\/wp-content\/uploads\/2024\/03\/2932728.png 512w, https:\/\/csjmestrada-ers.infd.edu.ar\/sitio\/wp-content\/uploads\/2024\/03\/2932728-500x500.png 500w\" sizes=\"(max-width: 512px) 100vw, 512px\" \/><\/a><\/td><\/tr><tr><td>R\u00e9gimen Org\u00e1nico Marco (ROM) (<strong>Resoluci\u00f3n N\u00b0 2842\/09 CGE<\/strong>)<\/td><td class=\"has-text-align-center\" data-align=\"center\"><a href=\"https:\/\/drive.google.com\/file\/d\/1gLOTDXOLr5qyIpgdbdYhJ0CFcuoCSD9l\/view?usp=drive_link\" target=\"_blank\" rel=\"noreferrer noopener\"><img decoding=\"async\" loading=\"lazy\" width=\"512\" height=\"512\" class=\"wp-image-7346\" style=\"width: 60px;\" src=\"https:\/\/csjmestrada-ers.infd.edu.ar\/sitio\/wp-content\/uploads\/2022\/12\/2932728.png\" alt=\"\" srcset=\"https:\/\/csjmestrada-ers.infd.edu.ar\/sitio\/wp-content\/uploads\/2022\/12\/2932728.png 512w, https:\/\/csjmestrada-ers.infd.edu.ar\/sitio\/wp-content\/uploads\/2022\/12\/2932728-500x500.png 500w\" sizes=\"(max-width: 512px) 100vw, 512px\" \/><\/a><\/td><\/tr><tr><td>R\u00e9gimen Org\u00e1nico Marco (ROM) &#8211; Modificatoria y Ampliatoria -(<strong>Resoluci\u00f3n N\u00b0 4789\/15 CGE<\/strong>)<\/td><td class=\"has-text-align-center\" data-align=\"center\"><a href=\"https:\/\/drive.google.com\/file\/d\/1Ig2DCqjNIWYouwGrmeFbW4241hVCg_qu\/view?usp=drive_link\" target=\"_blank\" rel=\"noreferrer noopener\"><img decoding=\"async\" loading=\"lazy\" width=\"512\" height=\"512\" class=\"wp-image-7346\" style=\"width: 60px;\" src=\"https:\/\/csjmestrada-ers.infd.edu.ar\/sitio\/wp-content\/uploads\/2022\/12\/2932728.png\" alt=\"\" srcset=\"https:\/\/csjmestrada-ers.infd.edu.ar\/sitio\/wp-content\/uploads\/2022\/12\/2932728.png 512w, https:\/\/csjmestrada-ers.infd.edu.ar\/sitio\/wp-content\/uploads\/2022\/12\/2932728-500x500.png 500w\" sizes=\"(max-width: 512px) 100vw, 512px\" \/><\/a><\/td><\/tr><\/tbody><\/table><\/figure>\n\n\n\n<p class=\"has-text-align-center has-white-color has-vivid-cyan-blue-background-color has-text-color has-background\"><strong>CENTRO DE ESTUDIANTES<\/strong><\/p>\n\n\n\n<figure class=\"wp-block-table is-style-stripes\"><table class=\"has-base-3-background-color has-background has-fixed-layout\"><tbody><tr><td>Ley de Centro de Estudiantes N\u00b026.877<\/td><td class=\"has-text-align-center\" data-align=\"center\"><a href=\"https:\/\/drive.google.com\/file\/d\/1yGoG9dIQkhpm7dESuuSeGurBg89tM2I4\/view?usp=drive_link\" target=\"_blank\" rel=\"noreferrer noopener\"><img decoding=\"async\" loading=\"lazy\" width=\"512\" height=\"512\" class=\"wp-image-7346\" style=\"width: 60px;\" src=\"https:\/\/csjmestrada-ers.infd.edu.ar\/sitio\/wp-content\/uploads\/2022\/12\/2932728.png\" alt=\"\" srcset=\"https:\/\/csjmestrada-ers.infd.edu.ar\/sitio\/wp-content\/uploads\/2022\/12\/2932728.png 512w, https:\/\/csjmestrada-ers.infd.edu.ar\/sitio\/wp-content\/uploads\/2022\/12\/2932728-500x500.png 500w\" sizes=\"(max-width: 512px) 100vw, 512px\" \/><\/a><\/td><\/tr><tr><td>Ley N\u00b010.215<\/td><td class=\"has-text-align-center\" data-align=\"center\"><a href=\"https:\/\/docs.google.com\/document\/d\/1JnFUVhU8DHC35GCiD52zrODkneQZ9zGI\/edit?usp=drive_link&amp;ouid=108676113509777241184&amp;rtpof=true&amp;sd=true\" target=\"_blank\" rel=\"noreferrer noopener\"><img decoding=\"async\" loading=\"lazy\" width=\"512\" height=\"512\" class=\"wp-image-7346\" style=\"width: 60px;\" src=\"https:\/\/csjmestrada-ers.infd.edu.ar\/sitio\/wp-content\/uploads\/2022\/12\/2932728.png\" alt=\"\" srcset=\"https:\/\/csjmestrada-ers.infd.edu.ar\/sitio\/wp-content\/uploads\/2022\/12\/2932728.png 512w, https:\/\/csjmestrada-ers.infd.edu.ar\/sitio\/wp-content\/uploads\/2022\/12\/2932728-500x500.png 500w\" sizes=\"(max-width: 512px) 100vw, 512px\" \/><\/a><\/td><\/tr><\/tbody><\/table><\/figure>\n\n\n\n<p class=\"has-text-align-center has-white-color has-vivid-cyan-blue-background-color has-text-color has-background\"><strong>REGLAMENTO DE PR\u00c1CTICAS<\/strong><\/p>\n\n\n\n<figure class=\"wp-block-table is-style-stripes\"><table class=\"has-base-3-background-color has-background has-fixed-layout\"><tbody><tr><td>Reglamento de Pr\u00e1cticas &#8211; Residencia <strong>(Resoluci\u00f3n N\u00b0 3266\/11 CGE<\/strong>)<\/td><td class=\"has-text-align-center\" data-align=\"center\"><a href=\"https:\/\/csjmestrada-ers.infd.edu.ar\/sitio\/normativa\/upload\/Resol_3266-11_Reglamento_de_pr%E1cticas.pdf\" target=\"_blank\" rel=\"noreferrer noopener\"><img decoding=\"async\" loading=\"lazy\" width=\"512\" height=\"512\" class=\"wp-image-7346\" style=\"width: 60px;\" src=\"https:\/\/csjmestrada-ers.infd.edu.ar\/sitio\/wp-content\/uploads\/2022\/12\/2932728.png\" alt=\"\" srcset=\"https:\/\/csjmestrada-ers.infd.edu.ar\/sitio\/wp-content\/uploads\/2022\/12\/2932728.png 512w, https:\/\/csjmestrada-ers.infd.edu.ar\/sitio\/wp-content\/uploads\/2022\/12\/2932728-500x500.png 500w\" sizes=\"(max-width: 512px) 100vw, 512px\" \/><\/a><\/td><\/tr><\/tbody><\/table><\/figure>\n","protected":false},"excerpt":{"rendered":"<p>R\u00c9GIMEN ACAD\u00c9MICO MARCO Nuevo R\u00e9gimen Acad\u00e9mico Marco (RAM) &#8211; (Resoluci\u00f3n N\u00b0 0249\/24 CGE) R\u00c9GIMEN ORG\u00c1NICO MARCO Cosejo Directivo Institucional (Resoluci\u00f3n N\u00b0 0895\/24 CGE) R\u00e9gimen Org\u00e1nico Marco (ROM) (Resoluci\u00f3n N\u00b0 2842\/09 CGE) R\u00e9gimen Org\u00e1nico Marco (ROM) &#8211; Modificatoria y Ampliatoria -(Resoluci\u00f3n N\u00b0 4789\/15 CGE) CENTRO DE ESTUDIANTES Ley de Centro de Estudiantes N\u00b026.877 Ley N\u00b010.215 REGLAMENTO &#8230; <a title=\"Reglamentaci\u00f3n acad\u00e9mica\" class=\"read-more\" href=\"https:\/\/csjmestrada-ers.infd.edu.ar\/sitio\/normativa\/\" aria-label=\"More on Reglamentaci\u00f3n acad\u00e9mica\">[+]<\/a><\/p>\n","protected":false},"author":637,"featured_media":0,"parent":0,"menu_order":0,"comment_status":"closed","ping_status":"closed","template":"","meta":[],"acf":[],"_links":{"self":[{"href":"https:\/\/csjmestrada-ers.infd.edu.ar\/sitio\/wp-json\/wp\/v2\/pages\/1179"}],"collection":[{"href":"https:\/\/csjmestrada-ers.infd.edu.ar\/sitio\/wp-json\/wp\/v2\/pages"}],"about":[{"href":"https:\/\/csjmestrada-ers.infd.edu.ar\/sitio\/wp-json\/wp\/v2\/types\/page"}],"author":[{"embeddable":true,"href":"https:\/\/csjmestrada-ers.infd.edu.ar\/sitio\/wp-json\/wp\/v2\/users\/637"}],"replies":[{"embeddable":true,"href":"https:\/\/csjmestrada-ers.infd.edu.ar\/sitio\/wp-json\/wp\/v2\/comments?post=1179"}],"version-history":[{"count":21,"href":"https:\/\/csjmestrada-ers.infd.edu.ar\/sitio\/wp-json\/wp\/v2\/pages\/1179\/revisions"}],"predecessor-version":[{"id":13977,"href":"https:\/\/csjmestrada-ers.infd.edu.ar\/sitio\/wp-json\/wp\/v2\/pages\/1179\/revisions\/13977"}],"wp:attachment":[{"href":"https:\/\/csjmestrada-ers.infd.edu.ar\/sitio\/wp-json\/wp\/v2\/media?parent=1179"}],"curies":[{"name":"wp","href":"https:\/\/api.w.org\/{rel}","templated":true}]}}