{"id":1163,"date":"2018-06-28T17:21:17","date_gmt":"2018-06-28T20:21:17","guid":{"rendered":"https:\/\/csjmestrada-ers.infd.edu.ar\/sitio\/formularios\/"},"modified":"2026-02-26T22:06:46","modified_gmt":"2026-02-27T01:06:46","slug":"formularios","status":"publish","type":"page","link":"https:\/\/csjmestrada-ers.infd.edu.ar\/sitio\/formularios\/","title":{"rendered":"Formularios"},"content":{"rendered":"\n<p class=\"has-text-align-center has-white-color has-vivid-cyan-blue-background-color has-text-color has-background\"><strong>FORMULARIO PARA DOCENTES<\/strong><\/p>\n\n\n\n<figure class=\"wp-block-table\"><table class=\"has-background has-fixed-layout\" style=\"background-color:#e7f5fe\"><tbody><tr><td><em><strong>Formulario de Inscripci\u00f3n (FI) a horas c\u00e1tedra<\/strong><\/em> &#8211; Resoluci\u00f3n N\u00b0 2300\/12 C.G.E<\/td><td class=\"has-text-align-center\" data-align=\"center\"><a href=\"https:\/\/csjmestrada-ers.infd.edu.ar\/sitio\/wp-content\/uploads\/sitio\/Planilla 2300_concurso para carpeta antecedentes - copia.docx\" data-type=\"URL\" target=\"_blank\" rel=\"noreferrer noopener\"><img decoding=\"async\" loading=\"lazy\" width=\"512\" height=\"512\" class=\"wp-image-7346\" style=\"width: 60px;\" src=\"https:\/\/csjmestrada-ers.infd.edu.ar\/sitio\/wp-content\/uploads\/2022\/12\/2932728.png\" alt=\"\" srcset=\"https:\/\/csjmestrada-ers.infd.edu.ar\/sitio\/wp-content\/uploads\/2022\/12\/2932728.png 512w, https:\/\/csjmestrada-ers.infd.edu.ar\/sitio\/wp-content\/uploads\/2022\/12\/2932728-500x500.png 500w\" sizes=\"(max-width: 512px) 100vw, 512px\" \/><\/a><\/td><\/tr><tr><td><strong>Formulario unificado<\/strong><\/td><td class=\"has-text-align-center\" data-align=\"center\"><a href=\"https:\/\/docs.google.com\/document\/d\/1BrXZDnriFZ6M9TPAq5sQvjEVD_myFaic\/edit?usp=drive_link&amp;ouid=108676113509777241184&amp;rtpof=true&amp;sd=true\" target=\"_blank\" rel=\"noreferrer noopener\"><img decoding=\"async\" loading=\"lazy\" width=\"512\" height=\"512\" class=\"wp-image-7346\" style=\"width: 60px;\" src=\"https:\/\/csjmestrada-ers.infd.edu.ar\/sitio\/wp-content\/uploads\/2022\/12\/2932728.png\" alt=\"\" srcset=\"https:\/\/csjmestrada-ers.infd.edu.ar\/sitio\/wp-content\/uploads\/2022\/12\/2932728.png 512w, https:\/\/csjmestrada-ers.infd.edu.ar\/sitio\/wp-content\/uploads\/2022\/12\/2932728-500x500.png 500w\" sizes=\"(max-width: 512px) 100vw, 512px\" \/><\/a><\/td><\/tr><tr><td><strong>Planilla de incompatibilidad<\/strong><\/td><td class=\"has-text-align-center\" data-align=\"center\"><a href=\"https:\/\/drive.google.com\/file\/d\/1csbauw-1IZdxejw5lFdM6_OOUX4Mxqfh\/view?usp=drive_link\" target=\"_blank\" rel=\"noreferrer noopener\"><img decoding=\"async\" loading=\"lazy\" width=\"512\" height=\"512\" class=\"wp-image-7346\" style=\"width: 60px;\" src=\"https:\/\/csjmestrada-ers.infd.edu.ar\/sitio\/wp-content\/uploads\/2022\/12\/2932728.png\" alt=\"\" srcset=\"https:\/\/csjmestrada-ers.infd.edu.ar\/sitio\/wp-content\/uploads\/2022\/12\/2932728.png 512w, https:\/\/csjmestrada-ers.infd.edu.ar\/sitio\/wp-content\/uploads\/2022\/12\/2932728-500x500.png 500w\" sizes=\"(max-width: 512px) 100vw, 512px\" \/><\/a><\/td><\/tr><\/tbody><\/table><\/figure>\n","protected":false},"excerpt":{"rendered":"<p>FORMULARIO PARA DOCENTES Formulario de Inscripci\u00f3n (FI) a horas c\u00e1tedra &#8211; Resoluci\u00f3n N\u00b0 2300\/12 C.G.E Formulario unificado Planilla de incompatibilidad<\/p>\n","protected":false},"author":637,"featured_media":0,"parent":0,"menu_order":0,"comment_status":"closed","ping_status":"closed","template":"","meta":[],"acf":[],"_links":{"self":[{"href":"https:\/\/csjmestrada-ers.infd.edu.ar\/sitio\/wp-json\/wp\/v2\/pages\/1163"}],"collection":[{"href":"https:\/\/csjmestrada-ers.infd.edu.ar\/sitio\/wp-json\/wp\/v2\/pages"}],"about":[{"href":"https:\/\/csjmestrada-ers.infd.edu.ar\/sitio\/wp-json\/wp\/v2\/types\/page"}],"author":[{"embeddable":true,"href":"https:\/\/csjmestrada-ers.infd.edu.ar\/sitio\/wp-json\/wp\/v2\/users\/637"}],"replies":[{"embeddable":true,"href":"https:\/\/csjmestrada-ers.infd.edu.ar\/sitio\/wp-json\/wp\/v2\/comments?post=1163"}],"version-history":[{"count":7,"href":"https:\/\/csjmestrada-ers.infd.edu.ar\/sitio\/wp-json\/wp\/v2\/pages\/1163\/revisions"}],"predecessor-version":[{"id":13980,"href":"https:\/\/csjmestrada-ers.infd.edu.ar\/sitio\/wp-json\/wp\/v2\/pages\/1163\/revisions\/13980"}],"wp:attachment":[{"href":"https:\/\/csjmestrada-ers.infd.edu.ar\/sitio\/wp-json\/wp\/v2\/media?parent=1163"}],"curies":[{"name":"wp","href":"https:\/\/api.w.org\/{rel}","templated":true}]}}