{"id":1161,"date":"2018-06-28T17:21:17","date_gmt":"2018-06-28T20:21:17","guid":{"rendered":"https:\/\/csjmestrada-ers.infd.edu.ar\/sitio\/ingresantes\/"},"modified":"2024-10-10T22:26:01","modified_gmt":"2024-10-11T01:26:01","slug":"ingresantes","status":"publish","type":"page","link":"https:\/\/csjmestrada-ers.infd.edu.ar\/sitio\/ingresantes\/","title":{"rendered":"Ingresantes 2024"},"content":{"rendered":"\n<h2 class=\"wp-block-heading has-text-align-center\">Instituto de Educaci\u00f3n Superior de Bovril<\/h2>\n\n\n\n<h3 class=\"wp-block-heading has-text-align-center\">(Dependiente de la Direcci\u00f3n de Nivel Superior del CGE)<\/h3>\n\n\n\n<h3 class=\"wp-block-heading has-text-align-center\">T\u00edtulos oficiales con validez nacional       <\/h3>\n\n\n\n<h3 class=\"wp-block-heading has-text-align-center\">Carreras de cursado presencial<\/h3>\n\n\n\n<p><\/p>\n\n\n\n<h1 class=\"wp-block-heading has-text-align-center\"><strong>INGRESANTES 202<\/strong>4<\/h1>\n\n\n<div class=\"page\" title=\"Page 1\">\n<div class=\"section\">\n<div class=\"section\">\n<div class=\"layoutArea\">\n<div class=\"column\">\u00a0<\/div>\n<\/div>\n<\/div>\n<div class=\"section\">\n<div class=\"layoutArea\">\n<div class=\"column\">\n<pre style=\"text-align: center;\">Para ser INGRESANTE del INSTITUTO DE EDUCACI\u00d3N SUPERIOR DE BOVRIL hay que inscribirse en dos pasos:<\/pre>\n<\/div>\n<\/div>\n<\/div>\n<div class=\"section\">\n<div class=\"layoutArea\">\n<div class=\"column\">\n<p>Primero, realizar la PRE-INSCRIPCI\u00d3N ONLINE\u00a0 a trav\u00e9s del formulario habilitado hasta el 14 de febrero. <a href=\"https:\/\/l.facebook.com\/l.php?u=https%3A%2F%2Fforms.gle%2FmicGxnra7TG9kSF67%3Ffbclid%3DIwAR1PtEyTXisnsKA8kmteZYdpk24kC23g0k-oVlpoBWBsHL4GtEDlplBP8Pg&amp;h=AT2WyifvKbEhQe_QMKE89ubSpL3lGnJ6uY0MhRl16EyzcCcfbnI9UTBj4LozbkszRhsfBmGxAJ2Zc4M59pdwOQGQpco-DoolXQGR_-3eUN6DKz3R77KXMNwvPnKi_ZoqlXd1&amp;__tn__=-UK-R&amp;c[0]=AT1lmcCUHx8aX2WdBcWjXZOhFJwItFpY-6181Wbg5OJUYpMALCF02hZIuACbHmXjMsKXusieOXYc3OwgnW_HhvAcrCyLNIbN4WYSpP87beHgjX_jkFiHYvu9xdgE8TG9-5CJlxpFaS4G1KyMgacFgez95Dvad1VPS3eMzqV6T1LPx-tUjatbjkNuU3xkOxDLB_Q_Pbm-WN6H\">ACCEDER<\/a><\/p>\n<p>Segundo, la inscripci\u00f3n se hace efectiva cuando se entrega toda la documentaci\u00f3n \u00abcompleta\u00bb de manera presencial en preceptor\u00eda del instituto.\u00a0<\/p>\n<p><strong>Fechas para la presentaci\u00f3n de la documentaci\u00f3n.<\/strong><\/p>\n<ul>\n<li>15 de febrero: Pre-inscriptos al Profesorado de Educaci\u00f3n Primaria de 19:00 h a 23:00 h<\/li>\n<li>16 de Febrero: Pre-inscriptos al Profesorado de M\u00fasica con orientaci\u00f3n en Educaci\u00f3n Musical de 19:00 h a 23:00 h<\/li>\n<li>A confirmar: Pre-inscriptos al Profesorado de Artes Visuales<\/li>\n<\/ul>\n<p><strong>\u00bfQu\u00e9 documentaci\u00f3n se debe presentar?<\/strong><\/p>\n<\/div>\n<\/div>\n<\/div>\n<div class=\"section\">\n<div class=\"layoutArea\">\n<div class=\"column\">\n<ul>\n<li>Carpeta de tres solapas, oficio (para legajo estudiantil).<\/li>\n<li><a href=\"https:\/\/drive.google.com\/file\/d\/1GwMUEgTX_g1iZzObI544OLx4NE8qzqRo\/view?usp=sharing\">Planilla solicitud de Ingreso\u00a0 <img decoding=\"async\" loading=\"lazy\" class=\"alignnone\" src=\"https:\/\/encrypted-tbn0.gstatic.com\/images?q=tbn:ANd9GcQU-SfzXThiZohm4X13Prjj7tw142NctYYlVh_AiFdu3evHywupZw\" alt=\"\" width=\"34\" height=\"34\" border=\"0\" \/>\u00a0<\/a><\/li>\n<li>Certificado de finalizacio\u0301n de estudios de Nivel Secundario o constancia de ti\u0301tulo en tra\u0301mite <span style=\"color: #ff9900;\"><strong>(Fotocopia autenticada)<\/strong><\/span><\/li>\n<li>DNI <strong><span style=\"color: #ff9900;\">(Fotocopia de ambos lados autenticada)<\/span><\/strong><\/li>\n<li>Constancia de CUIL.<\/li>\n<li>Fotos color de 4 x 4 de frente (dos)<\/li>\n<li>Partida de Nacimiento (fotocopia autenticada actualizada)<\/li>\n<li>Una colaboracio\u0301n voluntaria por u\u0301nica vez para gastos administrativos y de higiene del edificio.<\/li>\n<\/ul>\n<\/div>\n<\/div>\n<\/div>\n<div class=\"section\">\n<div class=\"layoutArea\">\n<div class=\"column\">\n<p>Presentar en el A\u0301REA DE ATENCIO\u0301N A ESTUDIANTES<strong> (PRECEPTORI\u0301A)<br \/><\/strong><\/p>\n<\/div>\n<\/div>\n<\/div>\n<div class=\"section\">\n<div class=\"layoutArea\">\n<div class=\"column\">\n<p><strong>ACLARACIONES:<\/strong><\/p>\n<\/div>\n<\/div>\n<\/div>\n<div class=\"section\">\n<div class=\"layoutArea\">\n<div class=\"column\">\n<p>***El\/la ingresante que no posee estudios secundarios completos, sera\u0301 inscripto\/a como \u201cestudiante provisorio\u201d <strong>debiendo acreditar su finalizacio\u0301n al iniciar el segundo cuatrimestre del primer an\u0303o acade\u0301mico<\/strong> de la carrera.<\/p>\n<p>***Documentaci\u00f3n legalizada por autoridad educativa, Juez de Paz o escribano p\u00fablico.<\/p>\n<p>***Haberse pre-inscripto\/a es condici\u00f3n para recibir la documentaci\u00f3n.\u00a0<\/p>\n<\/div>\n<\/div>\n<\/div>\n<div class=\"layoutArea\">\n<div class=\"column\">\n<p>***<strong>El CICLO INTRODUCTORIO<\/strong> es de cara\u0301cter obligatorio para todos los estudiantes, con asistencia y actividades a acreditar. Es el inicio del cursado de la carrera.<\/p>\n<p>Asistir con el material de trabajo (cuadernillo digitalizado o impreso). El mismo estar\u00e1 a disposici\u00f3n en este sitio una vez confirmadas las inscripciones.<\/p>\n<p>Fecha de inicio: 11 de marzo a las 19:00 h en la instituci\u00f3n sita en Bv. San Mart\u00edn N\u00b0 307 (Bovril)<\/p>\n<p>\u00a0<\/p>\n<p><strong>Segu\u00ed las novedades en:<\/strong><\/p>\n<p>https:\/\/www.facebook.com\/iesbovril\u00a0<\/p>\n<p>https:\/\/www.instagram.com\/iesbovril\/\u00a0<\/p>\n<p><strong>Correo de contacto por consultas:<\/strong><\/p>\n<p>ies.bovril.lp@entrerios.edu.ar\u00a0<\/p>\n<p>preceptoriaiesbovril@gmail.com\u00a0<\/p>\n<p>\u00a0<\/p>\n<\/div>\n<\/div>\n<\/div>\n<div class=\"layoutArea\">\n<div class=\"column\">\u00a0<\/div>\n<\/div>\n<\/div>\n<p style=\"text-align: right;\"><em>\u00a0<\/em><\/p>","protected":false},"excerpt":{"rendered":"<p>Instituto de Educaci\u00f3n Superior de Bovril (Dependiente de la Direcci\u00f3n de Nivel Superior del CGE) T\u00edtulos oficiales con validez nacional Carreras de cursado presencial INGRESANTES 2024 \u00a0 Para ser INGRESANTE del INSTITUTO DE EDUCACI\u00d3N SUPERIOR DE BOVRIL hay que inscribirse en dos pasos: Primero, realizar la PRE-INSCRIPCI\u00d3N ONLINE\u00a0 a trav\u00e9s del formulario habilitado hasta el &#8230; <a title=\"Ingresantes 2024\" class=\"read-more\" href=\"https:\/\/csjmestrada-ers.infd.edu.ar\/sitio\/ingresantes\/\" aria-label=\"More on Ingresantes 2024\">[+]<\/a><\/p>\n","protected":false},"author":637,"featured_media":0,"parent":0,"menu_order":0,"comment_status":"closed","ping_status":"closed","template":"","meta":[],"acf":[],"_links":{"self":[{"href":"https:\/\/csjmestrada-ers.infd.edu.ar\/sitio\/wp-json\/wp\/v2\/pages\/1161"}],"collection":[{"href":"https:\/\/csjmestrada-ers.infd.edu.ar\/sitio\/wp-json\/wp\/v2\/pages"}],"about":[{"href":"https:\/\/csjmestrada-ers.infd.edu.ar\/sitio\/wp-json\/wp\/v2\/types\/page"}],"author":[{"embeddable":true,"href":"https:\/\/csjmestrada-ers.infd.edu.ar\/sitio\/wp-json\/wp\/v2\/users\/637"}],"replies":[{"embeddable":true,"href":"https:\/\/csjmestrada-ers.infd.edu.ar\/sitio\/wp-json\/wp\/v2\/comments?post=1161"}],"version-history":[{"count":39,"href":"https:\/\/csjmestrada-ers.infd.edu.ar\/sitio\/wp-json\/wp\/v2\/pages\/1161\/revisions"}],"predecessor-version":[{"id":11004,"href":"https:\/\/csjmestrada-ers.infd.edu.ar\/sitio\/wp-json\/wp\/v2\/pages\/1161\/revisions\/11004"}],"wp:attachment":[{"href":"https:\/\/csjmestrada-ers.infd.edu.ar\/sitio\/wp-json\/wp\/v2\/media?parent=1161"}],"curies":[{"name":"wp","href":"https:\/\/api.w.org\/{rel}","templated":true}]}}