{"id":1134,"date":"2018-06-28T17:21:06","date_gmt":"2018-06-28T20:21:06","guid":{"rendered":"https:\/\/csjmestrada-ers.infd.edu.ar\/sitio\/profesorado-de-educacion-tecnologica\/"},"modified":"2022-12-14T23:06:38","modified_gmt":"2022-12-15T02:06:38","slug":"profesorado-de-educacion-tecnologica","status":"publish","type":"page","link":"https:\/\/csjmestrada-ers.infd.edu.ar\/sitio\/profesorado-de-educacion-tecnologica\/","title":{"rendered":"Profesorado de Educaci\u00f3n Tecnol\u00f3gica"},"content":{"rendered":"\n<div class=\"wp-block-image\"><figure class=\"aligncenter size-full\"><img decoding=\"async\" loading=\"lazy\" width=\"1584\" height=\"396\" src=\"https:\/\/csjmestrada-ers.infd.edu.ar\/sitio\/wp-content\/uploads\/2022\/12\/Educacion-Tecnologica.jpg\" alt=\"\" class=\"wp-image-7319\" srcset=\"https:\/\/csjmestrada-ers.infd.edu.ar\/sitio\/wp-content\/uploads\/2022\/12\/Educacion-Tecnologica.jpg 1584w, https:\/\/csjmestrada-ers.infd.edu.ar\/sitio\/wp-content\/uploads\/2022\/12\/Educacion-Tecnologica-1000x250.jpg 1000w, https:\/\/csjmestrada-ers.infd.edu.ar\/sitio\/wp-content\/uploads\/2022\/12\/Educacion-Tecnologica-768x192.jpg 768w, https:\/\/csjmestrada-ers.infd.edu.ar\/sitio\/wp-content\/uploads\/2022\/12\/Educacion-Tecnologica-1536x384.jpg 1536w\" sizes=\"(max-width: 1584px) 100vw, 1584px\" \/><\/figure><\/div>\n\n\n<table style=\"border-color: #523dc2; border-width: 2px;\" border=\"2\" align=\"center\">\n<tbody>\n<tr>\n<td>\n<p><span style=\"font-size: 8pt;\"><span style=\"color: #000080;\"><strong>Duraci\u00f3n: <\/strong><\/span>4 a\u00f1os.<\/span><\/p>\n<p><span style=\"font-size: 8pt;\"><span style=\"color: #000080;\"><strong>T\u00edtulo que se otorga:<\/strong><\/span>&nbsp;Profesor de Educaci\u00f3n Tecnol\u00f3gica.<\/span><\/p>\n<p><span style=\"font-size: 8pt;\"><strong><span style=\"color: #000080;\">Campo Ocupacional:<\/span>&nbsp;<\/strong>El Profesor de Educaci\u00f3n Tecnol\u00f3gica podr\u00e1 dise\u00f1ar, desarrollar, acompa\u00f1ar, orientar y evaluar procesos de ense\u00f1anza y aprendizaje para la educaci\u00f3n de personas en los niveles Inicial, Primario y Secundario; participar en la elaboraci\u00f3n y evaluaci\u00f3n de planes, programas y proyectos en instituciones formales y no formales.<\/span><\/p>\n<p><span style=\"font-size: 8pt;\"><strong><span style=\"color: #000080;\">Contenidos:<\/span>&nbsp;<\/strong>la carrera se organiza en torno a campos: Campo de la&nbsp;<strong>Formaci\u00f3n general<\/strong>, campo de la&nbsp;<strong>Formaci\u00f3n Espec\u00edfica<\/strong>, y de la formaci\u00f3n en la&nbsp;<strong>Pr\u00e1ctica Profesional<\/strong>. Cada campo contiene unidades curriculares con diferentes formatos; asignaturas, talleres y seminarios.<\/span><\/p>\n<p><span style=\"font-size: 8pt;\">&nbsp;<\/span><\/p>\n<p style=\"text-align: center;\"><span style=\"font-size: 8pt; color: #000080;\"><strong>Plan de estudio aprobado por Resoluci\u00f3n N\u00b0 4798\/15 CGE:<\/strong><strong>&nbsp;<\/strong><\/span><\/p>\n<p style=\"text-align: center;\"><span style=\"font-size: 8pt;\"><strong>&nbsp; &nbsp; &nbsp; &nbsp; &nbsp; &nbsp; &nbsp; &nbsp;<a title=\"Plan de Estudio - Educaci\u00f3n Tecnologica \" href=\"upload\/PROFESORADO_DE_EDUCACION_TECNOLOGICA_-_Plan_de_Estudio_2016.doc\" target=\"_blank\" rel=\"noopener\"><img decoding=\"async\" loading=\"lazy\" src=\"https:\/\/csjmestrada-ers.infd.edu.ar\/sitio\/wp-content\/uploads\/2018\/06\/Icono-Word.gif\" width=\"45\" height=\"45\" border=\"0\"><\/a>&nbsp; &nbsp; &nbsp; &nbsp; &nbsp; &nbsp; &nbsp; &nbsp; &nbsp; &nbsp; <\/strong><\/span><\/p>\n<p style=\"text-align: center;\"><span style=\"font-size: 8pt; color: #000080;\"><strong>Correlativas:<\/strong><\/span><\/p>\n<p style=\"text-align: center;\"><span style=\"font-size: 8pt;\"><strong><a href=\"https:\/\/des-ers.infd.edu.ar\/sitio\/upload\/Resolucion_1418-17_CGE.pdf\"><img decoding=\"async\" loading=\"lazy\" src=\"https:\/\/csjmestrada-ers.infd.edu.ar\/sitio\/wp-content\/uploads\/2018\/06\/Icono-Word.gif\" width=\"45\" height=\"45\" border=\"0\">&nbsp;<\/a><\/strong><\/span><\/p>\n<p style=\"text-align: center;\"><span style=\"font-size: 8pt;\"><strong>(Vigente desde 2016 hasta la actualidad)<\/strong><\/span><\/p>\n<p style=\"text-align: center;\"><span style=\"font-size: 8pt;\">(Para estudiantes de 1\u00ba y 3\u00b0 a\u00f1o &#8211; Ciclo acad\u00e9mico 2018)<\/span><\/p>\n<p style=\"text-align: center;\"><span style=\"font-size: 8pt;\">________________________________________________<\/span><\/p>\n<p><\/p>\n<p style=\"text-align: center;\"><span style=\"color: #000080; font-size: 8pt;\"><strong>Plan de estudio aprobado por Decreto N\u00b0 1631\/01 MGJE<\/strong><\/span><\/p>\n<p style=\"text-align: center;\"><span style=\"font-size: 8pt;\"><strong><span style=\"color: #000080;\">&nbsp; &nbsp; &nbsp; &nbsp; &nbsp; &nbsp; &nbsp; &nbsp;<a title=\"Plan de estudio - Profesorado Educacion Tecnologica\" href=\"upload\/PROFESORADO_DE_EDUCACION_TECNOLOGICA_-_Plan_de_Estudio_2014.doc\" target=\"_blank\" rel=\"noopener\"><img decoding=\"async\" loading=\"lazy\" src=\"https:\/\/csjmestrada-ers.infd.edu.ar\/sitio\/wp-content\/uploads\/2018\/06\/Icono-Word.gif\" width=\"45\" height=\"45\" border=\"0\"><\/a>&nbsp; &nbsp; &nbsp; &nbsp; &nbsp; &nbsp; &nbsp; &nbsp; &nbsp;<\/span><\/strong><\/span><\/p>\n<p style=\"text-align: center;\"><span style=\"font-size: 8pt;\"><strong><span style=\"color: #000080;\">Correlativas<\/span><\/strong><strong><span style=\"color: #000080;\">:<\/span><\/strong><\/span><\/p>\n<p style=\"text-align: center;\"><span style=\"font-size: 8pt;\"><strong><span style=\"color: #000080;\"><a title=\"Correlatividades - Profesorado de Educaci\u00f3n Tecnologica\" href=\"upload\/PROFESORADO_DE_EDUCACION_TECNOLOGICA_-_correlativas_2014.doc\" target=\"_blank\" rel=\"noopener\"><img decoding=\"async\" loading=\"lazy\" src=\"https:\/\/csjmestrada-ers.infd.edu.ar\/sitio\/wp-content\/uploads\/2018\/06\/Icono-Word.gif\" width=\"45\" height=\"45\" border=\"0\"><\/a><\/span><\/strong><\/span><\/p>\n<p style=\"text-align: center;\"><span style=\"font-size: 8pt;\">&nbsp;<\/span><\/p>\n<p style=\"text-align: center;\"><span style=\"font-size: 8pt;\"><strong>(Vigente hasta 2016)<\/strong><\/span><\/p>\n<p style=\"text-align: center;\"><span style=\"font-size: 8pt;\">(Para&nbsp; estudiantes de 4\u00b0 a\u00f1o &#8211; Ciclo acad\u00e9mico 2018)<\/span><\/p>\n<p><iframe loading=\"lazy\" title=\"Profesorado de Educaci\u00f3n Tecnol\u00f3gica\" width=\"1200\" height=\"900\" src=\"https:\/\/www.youtube.com\/embed\/7LkgNQelpNw?feature=oembed\" frameborder=\"0\" allow=\"accelerometer; autoplay; clipboard-write; encrypted-media; gyroscope; picture-in-picture\" allowfullscreen><\/iframe><\/p>\n<p style=\"text-align: center;\"><span style=\"font-size: 8pt;\"><strong>Para m\u00e1s informaci\u00f3n acercate al Instituto:<\/strong><\/span><\/p>\n<p style=\"text-align: center;\"><span style=\"font-size: 8pt;\">Horario de Atenci\u00f3n: de lunes a viernes de 18:10 a 22 hs.<\/span><\/p>\n<p style=\"text-align: center;\"><span style=\"font-size: 8pt;\">Direcci\u00f3n: Av. San Mart\u00edn y Juan XXIII.<\/span><\/p>\n<p style=\"text-align: center;\"><span style=\"font-size: 8pt;\">Telef\u00f3no\/Fax: (03438) &#8211; 421.194<\/span><\/p>\n<p style=\"text-align: center;\"><span style=\"font-size: 8pt;\">e-mail:&nbsp;colegiojosmanuelestrada@yahoo.com.ar \/ secretariaacademicajme@hotmail.com<\/span><\/p>\n<p><span style=\"font-size: 8pt;\">&nbsp;<\/span><\/p>\n<\/td>\n<\/tr>\n<\/tbody>\n<\/table>","protected":false},"excerpt":{"rendered":"<p>Duraci\u00f3n: 4 a\u00f1os. T\u00edtulo que se otorga:&nbsp;Profesor de Educaci\u00f3n Tecnol\u00f3gica. Campo Ocupacional:&nbsp;El Profesor de Educaci\u00f3n Tecnol\u00f3gica podr\u00e1 dise\u00f1ar, desarrollar, acompa\u00f1ar, orientar y evaluar procesos de ense\u00f1anza y aprendizaje para la educaci\u00f3n de personas en los niveles Inicial, Primario y Secundario; participar en la elaboraci\u00f3n y evaluaci\u00f3n de planes, programas y proyectos en instituciones formales y &#8230; <a title=\"Profesorado de Educaci\u00f3n Tecnol\u00f3gica\" class=\"read-more\" href=\"https:\/\/csjmestrada-ers.infd.edu.ar\/sitio\/profesorado-de-educacion-tecnologica\/\" aria-label=\"More on Profesorado de Educaci\u00f3n Tecnol\u00f3gica\">[+]<\/a><\/p>\n","protected":false},"author":637,"featured_media":0,"parent":0,"menu_order":0,"comment_status":"closed","ping_status":"closed","template":"","meta":[],"acf":[],"_links":{"self":[{"href":"https:\/\/csjmestrada-ers.infd.edu.ar\/sitio\/wp-json\/wp\/v2\/pages\/1134"}],"collection":[{"href":"https:\/\/csjmestrada-ers.infd.edu.ar\/sitio\/wp-json\/wp\/v2\/pages"}],"about":[{"href":"https:\/\/csjmestrada-ers.infd.edu.ar\/sitio\/wp-json\/wp\/v2\/types\/page"}],"author":[{"embeddable":true,"href":"https:\/\/csjmestrada-ers.infd.edu.ar\/sitio\/wp-json\/wp\/v2\/users\/637"}],"replies":[{"embeddable":true,"href":"https:\/\/csjmestrada-ers.infd.edu.ar\/sitio\/wp-json\/wp\/v2\/comments?post=1134"}],"version-history":[{"count":5,"href":"https:\/\/csjmestrada-ers.infd.edu.ar\/sitio\/wp-json\/wp\/v2\/pages\/1134\/revisions"}],"predecessor-version":[{"id":7644,"href":"https:\/\/csjmestrada-ers.infd.edu.ar\/sitio\/wp-json\/wp\/v2\/pages\/1134\/revisions\/7644"}],"wp:attachment":[{"href":"https:\/\/csjmestrada-ers.infd.edu.ar\/sitio\/wp-json\/wp\/v2\/media?parent=1134"}],"curies":[{"name":"wp","href":"https:\/\/api.w.org\/{rel}","templated":true}]}}