{"id":1128,"date":"2018-06-28T17:21:04","date_gmt":"2018-06-28T20:21:04","guid":{"rendered":"https:\/\/csjmestrada-ers.infd.edu.ar\/sitio\/profesorado-de-educacion-primaria\/"},"modified":"2026-03-17T20:13:30","modified_gmt":"2026-03-17T23:13:30","slug":"profesorado-de-educacion-primaria","status":"publish","type":"page","link":"https:\/\/csjmestrada-ers.infd.edu.ar\/sitio\/profesorado-de-educacion-primaria\/","title":{"rendered":"Profesorado de Educaci\u00f3n Primaria"},"content":{"rendered":"\n<figure class=\"wp-block-image size-full\"><img decoding=\"async\" loading=\"lazy\" width=\"1365\" height=\"341\" src=\"https:\/\/csjmestrada-ers.infd.edu.ar\/sitio\/wp-content\/uploads\/2024\/02\/8.png\" alt=\"\" class=\"wp-image-11100\" srcset=\"https:\/\/csjmestrada-ers.infd.edu.ar\/sitio\/wp-content\/uploads\/2024\/02\/8.png 1365w, https:\/\/csjmestrada-ers.infd.edu.ar\/sitio\/wp-content\/uploads\/2024\/02\/8-1000x250.png 1000w, https:\/\/csjmestrada-ers.infd.edu.ar\/sitio\/wp-content\/uploads\/2024\/02\/8-768x192.png 768w, https:\/\/csjmestrada-ers.infd.edu.ar\/sitio\/wp-content\/uploads\/2024\/02\/8-1200x300.png 1200w, https:\/\/csjmestrada-ers.infd.edu.ar\/sitio\/wp-content\/uploads\/2024\/02\/8-620x155.png 620w, https:\/\/csjmestrada-ers.infd.edu.ar\/sitio\/wp-content\/uploads\/2024\/02\/8-400x100.png 400w\" sizes=\"(max-width: 1365px) 100vw, 1365px\" \/><\/figure>\n\n\n\n<p><strong>Duraci\u00f3n:<\/strong> 4 a\u00f1os<br><br><strong>Titulo que se otorga:<\/strong> Profesor\/a de Educaci\u00f3n Primaria<br><br><strong>Campo Ocupacional:&nbsp;<\/strong>El Profesor de Educaci\u00f3n primaria podr\u00e1 dise\u00f1ar, desarrollar&nbsp; y evaluar procesos de ense\u00f1anza para la educaci\u00f3n primaria, en sus diferentes ciclos y modalidades; participar en la elaboraci\u00f3n y evaluaci\u00f3n de planes, programas y proyectos en instituciones formales y no formales.<br><br><strong>Contenidos:<\/strong>&nbsp;la carrera se organiza en torno a campos: Campo de la&nbsp;Formaci\u00f3n General, campo de la&nbsp;Formaci\u00f3n Espec\u00edfica, y de la formaci\u00f3n en la&nbsp;Pr\u00e1ctica Profesional.&nbsp;Cada campo contiene unidades curriculares con diferentes formatos; asignaturas, talleres y seminarios<\/p>\n\n\n\n<figure class=\"wp-block-embed is-type-video is-provider-youtube wp-block-embed-youtube wp-embed-aspect-16-9 wp-has-aspect-ratio\"><div class=\"wp-block-embed__wrapper\">\n<iframe loading=\"lazy\" title=\"Spot PROMO PRIMARIA\" width=\"1200\" height=\"675\" src=\"https:\/\/www.youtube.com\/embed\/fArXhoxB15g?feature=oembed\" frameborder=\"0\" allow=\"accelerometer; autoplay; clipboard-write; encrypted-media; gyroscope; picture-in-picture; web-share\" referrerpolicy=\"strict-origin-when-cross-origin\" allowfullscreen><\/iframe>\n<\/div><\/figure>\n\n\n\n<p class=\"has-text-align-center has-base-3-color has-accent-background-color has-text-color has-background has-medium-font-size\"><strong>Plan de Estudio<\/strong><\/p>\n\n\n\n<figure class=\"wp-block-table is-style-stripes\"><table><tbody><tr><td><strong>Descargar PLAN DE ESTUDIO | Resoluci\u00f3n N\u00b0 4170\/14 CGE<\/strong><\/td><td class=\"has-text-align-center\" data-align=\"center\"><a href=\"https:\/\/drive.google.com\/file\/d\/1dSzzsG-hrbZLC3DZe4zERYg6dWJvkkZs\/view?usp=drive_link\" target=\"_blank\" rel=\"noreferrer noopener\"><img decoding=\"async\" loading=\"lazy\" width=\"512\" height=\"512\" class=\"wp-image-7346\" style=\"width: 60px;\" src=\"https:\/\/csjmestrada-ers.infd.edu.ar\/sitio\/wp-content\/uploads\/2022\/12\/2932728.png\" alt=\"\" srcset=\"https:\/\/csjmestrada-ers.infd.edu.ar\/sitio\/wp-content\/uploads\/2022\/12\/2932728.png 512w, https:\/\/csjmestrada-ers.infd.edu.ar\/sitio\/wp-content\/uploads\/2022\/12\/2932728-500x500.png 500w\" sizes=\"(max-width: 512px) 100vw, 512px\" \/><\/a><\/td><\/tr><\/tbody><\/table><\/figure>\n\n\n\n<figure class=\"wp-block-table is-style-stripes\"><table class=\"has-accent-color has-text-color\"><tbody><tr><td class=\"has-text-align-center\" data-align=\"center\"><\/td><td class=\"has-text-align-left\" data-align=\"left\"><strong>Primer a\u00f1o<\/strong><\/td><td class=\"has-text-align-center\" data-align=\"center\"><strong>Horas c\u00e1tedra semanales<\/strong><\/td><\/tr><tr><td class=\"has-text-align-center\" data-align=\"center\">1<\/td><td class=\"has-text-align-left\" data-align=\"left\">Did\u00e1ctica General<\/td><td class=\"has-text-align-center\" data-align=\"center\">4<\/td><\/tr><tr><td class=\"has-text-align-center\" data-align=\"center\">2<\/td><td class=\"has-text-align-left\" data-align=\"left\">Pedagog\u00eda<\/td><td class=\"has-text-align-center\" data-align=\"center\">3<\/td><\/tr><tr><td class=\"has-text-align-center\" data-align=\"center\">3<\/td><td class=\"has-text-align-left\" data-align=\"left\">Oralidad, Lectura, Escritura y TIC<\/td><td class=\"has-text-align-center\" data-align=\"center\">3<\/td><\/tr><tr><td class=\"has-text-align-center\" data-align=\"center\">4<\/td><td class=\"has-text-align-left\" data-align=\"left\">Corporeidad, Juegos y Lenguajes Art\u00edsticos<\/td><td class=\"has-text-align-center\" data-align=\"center\">4<\/td><\/tr><tr><td class=\"has-text-align-center\" data-align=\"center\">5<\/td><td class=\"has-text-align-left\" data-align=\"left\">Lengua, Literatura y su Did\u00e1ctica I<\/td><td class=\"has-text-align-center\" data-align=\"center\">4<\/td><\/tr><tr><td class=\"has-text-align-center\" data-align=\"center\">6<\/td><td class=\"has-text-align-left\" data-align=\"left\">Matem\u00e1tica y su Did\u00e1ctica I<\/td><td class=\"has-text-align-center\" data-align=\"center\">4<\/td><\/tr><tr><td class=\"has-text-align-center\" data-align=\"center\">7<\/td><td class=\"has-text-align-left\" data-align=\"left\">Ciencias Sociales y su Did\u00e1ctica I<\/td><td class=\"has-text-align-center\" data-align=\"center\">3<\/td><\/tr><tr><td class=\"has-text-align-center\" data-align=\"center\">8<\/td><td class=\"has-text-align-left\" data-align=\"left\">Ciencias Naturales y su Did\u00e1ctica I<\/td><td class=\"has-text-align-center\" data-align=\"center\">4<\/td><\/tr><tr><td class=\"has-text-align-center\" data-align=\"center\">9<\/td><td class=\"has-text-align-left\" data-align=\"left\">Pr\u00e1ctica Docente I: Sujetos y Contextos: Aproximaci\u00f3n a la Pr\u00e1ctica Educativa.<\/td><td class=\"has-text-align-center\" data-align=\"center\">4<\/td><\/tr><tr><td class=\"has-text-align-center\" data-align=\"center\"><\/td><td class=\"has-text-align-left\" data-align=\"left\"><strong>Segundo a\u00f1o<\/strong><\/td><td class=\"has-text-align-center\" data-align=\"center\"><strong>Horas c\u00e1tedra semanales<\/strong><\/td><\/tr><tr><td class=\"has-text-align-center\" data-align=\"center\">10<\/td><td class=\"has-text-align-left\" data-align=\"left\">Historia Social, Pol\u00edtica Argentina y Latinoamericana<\/td><td class=\"has-text-align-center\" data-align=\"center\">2<\/td><\/tr><tr><td class=\"has-text-align-center\" data-align=\"center\">11<\/td><td class=\"has-text-align-left\" data-align=\"left\">Sujetos de la Educaci\u00f3n Primaria&nbsp;<\/td><td class=\"has-text-align-center\" data-align=\"center\">4<\/td><\/tr><tr><td class=\"has-text-align-center\" data-align=\"center\">12<\/td><td class=\"has-text-align-left\" data-align=\"left\">Filosof\u00eda<\/td><td class=\"has-text-align-center\" data-align=\"center\">3<\/td><\/tr><tr><td class=\"has-text-align-center\" data-align=\"center\">13<\/td><td class=\"has-text-align-left\" data-align=\"left\">Psicolog\u00eda Educacional<\/td><td class=\"has-text-align-center\" data-align=\"center\">3<\/td><\/tr><tr><td class=\"has-text-align-center\" data-align=\"center\">14<\/td><td class=\"has-text-align-left\" data-align=\"left\">Lengua, Literatura y su Did\u00e1ctica II<\/td><td class=\"has-text-align-center\" data-align=\"center\">3<\/td><\/tr><tr><td class=\"has-text-align-center\" data-align=\"center\">15<\/td><td class=\"has-text-align-left\" data-align=\"left\">Matem\u00e1tica y su Did\u00e1ctica II<\/td><td class=\"has-text-align-center\" data-align=\"center\">3<\/td><\/tr><tr><td class=\"has-text-align-center\" data-align=\"center\">16<\/td><td class=\"has-text-align-left\" data-align=\"left\">Ciencias Sociales y su Did\u00e1ctica II<\/td><td class=\"has-text-align-center\" data-align=\"center\">3<\/td><\/tr><tr><td class=\"has-text-align-center\" data-align=\"center\">17<\/td><td class=\"has-text-align-left\" data-align=\"left\">Ciencias Naturales y su Did\u00e1ctica II<\/td><td class=\"has-text-align-center\" data-align=\"center\">3<\/td><\/tr><tr><td class=\"has-text-align-center\" data-align=\"center\">18<\/td><td class=\"has-text-align-left\" data-align=\"left\">Educaci\u00f3n F\u00edsica y su Did\u00e1ctica<\/td><td class=\"has-text-align-center\" data-align=\"center\">3<\/td><\/tr><tr><td class=\"has-text-align-center\" data-align=\"center\">19<\/td><td class=\"has-text-align-left\" data-align=\"left\">Pr\u00e1ctica Docente II: Educaci\u00f3n Primaria y pr\u00e1ctica docentes<\/td><td class=\"has-text-align-center\" data-align=\"center\">4<\/td><\/tr><tr><td class=\"has-text-align-center\" data-align=\"center\">20<\/td><td class=\"has-text-align-left\" data-align=\"left\">UDI: Investigaci\u00f3n Educativa<\/td><td class=\"has-text-align-center\" data-align=\"center\">2<\/td><\/tr><tr><td class=\"has-text-align-center\" data-align=\"center\"><\/td><td class=\"has-text-align-left\" data-align=\"left\"><strong>Tercer a\u00f1o<\/strong><\/td><td class=\"has-text-align-center\" data-align=\"center\"><strong>Horas c\u00e1tedra semanales<\/strong><\/td><\/tr><tr><td class=\"has-text-align-center\" data-align=\"center\">21<\/td><td class=\"has-text-align-left\" data-align=\"left\">Derechos Humanos: \u00c9tica y Ciudadan\u00eda<\/td><td class=\"has-text-align-center\" data-align=\"center\">3<\/td><\/tr><tr><td class=\"has-text-align-center\" data-align=\"center\">22<\/td><td class=\"has-text-align-left\" data-align=\"left\">Sociolog\u00eda de la Educaci\u00f3n<\/td><td class=\"has-text-align-center\" data-align=\"center\">3<\/td><\/tr><tr><td class=\"has-text-align-center\" data-align=\"center\">23<\/td><td class=\"has-text-align-left\" data-align=\"left\">Historia de la Educaci\u00f3n Argentina<\/td><td class=\"has-text-align-center\" data-align=\"center\">2<\/td><\/tr><tr><td class=\"has-text-align-center\" data-align=\"center\">24<\/td><td class=\"has-text-align-left\" data-align=\"left\">Educaci\u00f3n Tecnol\u00f3gica y su Did\u00e1ctica<\/td><td class=\"has-text-align-center\" data-align=\"center\">2<\/td><\/tr><tr><td class=\"has-text-align-center\" data-align=\"center\">25<\/td><td class=\"has-text-align-left\" data-align=\"left\">Juego y producci\u00f3n de materiales<\/td><td class=\"has-text-align-center\" data-align=\"center\">2<\/td><\/tr><tr><td class=\"has-text-align-center\" data-align=\"center\">26<\/td><td class=\"has-text-align-left\" data-align=\"left\">Matem\u00e1tica y su Did\u00e1ctica III<\/td><td class=\"has-text-align-center\" data-align=\"center\">2<\/td><\/tr><tr><td class=\"has-text-align-center\" data-align=\"center\">27<\/td><td class=\"has-text-align-left\" data-align=\"left\">Alfabetizaci\u00f3n en la Educaci\u00f3n Primaria<\/td><td class=\"has-text-align-center\" data-align=\"center\">3<\/td><\/tr><tr><td class=\"has-text-align-center\" data-align=\"center\">28<\/td><td class=\"has-text-align-left\" data-align=\"left\">TIC y Educaci\u00f3n Primaria<\/td><td class=\"has-text-align-center\" data-align=\"center\">2<\/td><\/tr><tr><td class=\"has-text-align-center\" data-align=\"center\">29<\/td><td class=\"has-text-align-left\" data-align=\"left\">Lenguajes Art\u00edsticos I<\/td><td class=\"has-text-align-center\" data-align=\"center\">4<\/td><\/tr><tr><td class=\"has-text-align-center\" data-align=\"center\">30<\/td><td class=\"has-text-align-left\" data-align=\"left\">Lenguajes Art\u00edsticos I<\/td><td class=\"has-text-align-center\" data-align=\"center\">4<\/td><\/tr><tr><td class=\"has-text-align-center\" data-align=\"center\">31<\/td><td class=\"has-text-align-left\" data-align=\"left\">Pr\u00e1ctica Docente III: Cotidianeidad en las aulas: experiencias de formaci\u00f3n.<\/td><td class=\"has-text-align-center\" data-align=\"center\">6<\/td><\/tr><tr><td class=\"has-text-align-center\" data-align=\"center\">32<\/td><td class=\"has-text-align-left\" data-align=\"left\">UDI: Evaluaci\u00f3n<\/td><td class=\"has-text-align-center\" data-align=\"center\">3<\/td><\/tr><tr><td class=\"has-text-align-center\" data-align=\"center\"><\/td><td class=\"has-text-align-left\" data-align=\"left\"><strong>Cuarto a\u00f1o<\/strong><\/td><td class=\"has-text-align-center\" data-align=\"center\"><strong>Horas c\u00e1tedra semanales<\/strong><\/td><\/tr><tr><td class=\"has-text-align-center\" data-align=\"center\">33<\/td><td class=\"has-text-align-left\" data-align=\"left\">An\u00e1lisis y Organizaci\u00f3n de las Instituciones Educativas<\/td><td class=\"has-text-align-center\" data-align=\"center\">3<\/td><\/tr><tr><td class=\"has-text-align-center\" data-align=\"center\">34<\/td><td class=\"has-text-align-left\" data-align=\"left\">Educaci\u00f3n Sexual Integral<\/td><td class=\"has-text-align-center\" data-align=\"center\">2<\/td><\/tr><tr><td class=\"has-text-align-center\" data-align=\"center\">35<\/td><td class=\"has-text-align-left\" data-align=\"left\">Taller Interdisciplinario: Problem\u00e1ticas Transversales&nbsp;&nbsp;&nbsp;<\/td><td class=\"has-text-align-center\" data-align=\"center\">3<\/td><\/tr><tr><td class=\"has-text-align-center\" data-align=\"center\">36<\/td><td class=\"has-text-align-left\" data-align=\"left\">Problem\u00e1ticas Contempor\u00e1neas en la Educaci\u00f3n Primaria<\/td><td class=\"has-text-align-center\" data-align=\"center\">3<\/td><\/tr><tr><td class=\"has-text-align-center\" data-align=\"center\">37<\/td><td class=\"has-text-align-left\" data-align=\"left\">Pr\u00e1ctica Docente IV: Escenas Educativas y Trayectorias de Formaci\u00f3n<\/td><td class=\"has-text-align-center\" data-align=\"center\">10<\/td><\/tr><tr><td class=\"has-text-align-center\" data-align=\"center\">38<\/td><td class=\"has-text-align-left\" data-align=\"left\">UDI: <\/td><td class=\"has-text-align-center\" data-align=\"center\">3<\/td><\/tr><tr><td class=\"has-text-align-center\" data-align=\"center\"><\/td><td class=\"has-text-align-left\" data-align=\"left\"><\/td><td class=\"has-text-align-center\" data-align=\"center\"><\/td><\/tr><\/tbody><\/table><\/figure>\n\n\n\n<p class=\"has-text-align-center has-base-3-color has-accent-background-color has-text-color has-background has-medium-font-size\"><strong>R\u00e9gimen de correlatividades<\/strong><\/p>\n\n\n\n<figure class=\"wp-block-table is-style-stripes\"><table><tbody><tr><td><strong>Descargar Res. N\u00b0 4170\/14 CGE  | R\u00c9GIMEN DE CORRELATIVIDADES<\/strong><\/td><td class=\"has-text-align-center\" data-align=\"center\"><a href=\"https:\/\/drive.google.com\/file\/d\/1FGESkfqMB91s79xx_AXAX9byr6k2FPcd\/view?usp=drive_link\" target=\"_blank\" rel=\"noreferrer noopener\"><img decoding=\"async\" loading=\"lazy\" width=\"512\" height=\"512\" class=\"wp-image-7346\" style=\"width: 60px;\" src=\"https:\/\/csjmestrada-ers.infd.edu.ar\/sitio\/wp-content\/uploads\/2022\/12\/2932728.png\" alt=\"\" srcset=\"https:\/\/csjmestrada-ers.infd.edu.ar\/sitio\/wp-content\/uploads\/2022\/12\/2932728.png 512w, https:\/\/csjmestrada-ers.infd.edu.ar\/sitio\/wp-content\/uploads\/2022\/12\/2932728-500x500.png 500w\" sizes=\"(max-width: 512px) 100vw, 512px\" \/><\/a><\/td><\/tr><\/tbody><\/table><\/figure>\n\n\n\n<p class=\"has-text-align-center has-base-3-color has-accent-background-color has-text-color has-background has-medium-font-size\"><strong>Planes de estudios anteriores<\/strong><\/p>\n\n\n\n<figure class=\"wp-block-table is-style-stripes\"><table class=\"has-base-3-background-color has-background\"><tbody><tr><td><strong>Plan de Estudios aprobado por Res. N\u00ba 5420\/14 CGE y Res. 3425\/09 CGE<\/strong> <strong>(Vigente desde 2009 &#8211; 2014)<\/strong><\/td><td><a href=\"https:\/\/csjmestrada-ers.infd.edu.ar\/sitio\/wp-content\/uploads\/2023\/02\/PROFESORADO_DE_EDUCACION_PRIMARIA_-_Plan_de_estudio_2014.pdf\" target=\"_blank\" rel=\"noreferrer noopener\"><img decoding=\"async\" loading=\"lazy\" width=\"512\" height=\"512\" class=\"wp-image-7346\" style=\"width: 60px;\" src=\"https:\/\/csjmestrada-ers.infd.edu.ar\/sitio\/wp-content\/uploads\/2022\/12\/2932728.png\" alt=\"\" srcset=\"https:\/\/csjmestrada-ers.infd.edu.ar\/sitio\/wp-content\/uploads\/2022\/12\/2932728.png 512w, https:\/\/csjmestrada-ers.infd.edu.ar\/sitio\/wp-content\/uploads\/2022\/12\/2932728-500x500.png 500w\" sizes=\"(max-width: 512px) 100vw, 512px\" \/><\/a><\/td><\/tr><tr><td><strong>&nbsp;Correlatividades<\/strong><\/td><td><a href=\"https:\/\/csjmestrada-ers.infd.edu.ar\/sitio\/wp-content\/uploads\/2023\/02\/PROFESORADO_DE_EDUCACION_PRIMARIA-_Res_5420-08_CGE_-_Correlativas_2014_1.pdf\" target=\"_blank\" rel=\"noreferrer noopener\"><img decoding=\"async\" loading=\"lazy\" width=\"512\" height=\"512\" class=\"wp-image-7346\" style=\"width: 60px;\" src=\"https:\/\/csjmestrada-ers.infd.edu.ar\/sitio\/wp-content\/uploads\/2022\/12\/2932728.png\" alt=\"\" srcset=\"https:\/\/csjmestrada-ers.infd.edu.ar\/sitio\/wp-content\/uploads\/2022\/12\/2932728.png 512w, https:\/\/csjmestrada-ers.infd.edu.ar\/sitio\/wp-content\/uploads\/2022\/12\/2932728-500x500.png 500w\" sizes=\"(max-width: 512px) 100vw, 512px\" \/><\/a><\/td><\/tr><tr><td><strong>Plan de Estudios aprobado por<\/strong>&nbsp;<strong>Decreto N\u00b0 1631\/01 MGJE<\/strong> <strong>(Vigente hasta 2008)<\/strong><\/td><td><a href=\"https:\/\/csjmestrada-ers.infd.edu.ar\/sitio\/wp-content\/uploads\/2023\/05\/Prof.-de-1er-y-2do-ciclo-EGB.pdf\" target=\"_blank\" rel=\"noreferrer noopener\"><img decoding=\"async\" loading=\"lazy\" width=\"512\" height=\"512\" class=\"wp-image-7346\" style=\"width: 60px;\" src=\"https:\/\/csjmestrada-ers.infd.edu.ar\/sitio\/wp-content\/uploads\/2022\/12\/2932728.png\" alt=\"\" srcset=\"https:\/\/csjmestrada-ers.infd.edu.ar\/sitio\/wp-content\/uploads\/2022\/12\/2932728.png 512w, https:\/\/csjmestrada-ers.infd.edu.ar\/sitio\/wp-content\/uploads\/2022\/12\/2932728-500x500.png 500w\" sizes=\"(max-width: 512px) 100vw, 512px\" \/><\/a><\/td><\/tr><\/tbody><\/table><\/figure>\n","protected":false},"excerpt":{"rendered":"<p>Duraci\u00f3n: 4 a\u00f1os Titulo que se otorga: Profesor\/a de Educaci\u00f3n Primaria Campo Ocupacional:&nbsp;El Profesor de Educaci\u00f3n primaria podr\u00e1 dise\u00f1ar, desarrollar&nbsp; y evaluar procesos de ense\u00f1anza para la educaci\u00f3n primaria, en sus diferentes ciclos y modalidades; participar en la elaboraci\u00f3n y evaluaci\u00f3n de planes, programas y proyectos en instituciones formales y no formales. Contenidos:&nbsp;la carrera se &#8230; <a title=\"Profesorado de Educaci\u00f3n Primaria\" class=\"read-more\" href=\"https:\/\/csjmestrada-ers.infd.edu.ar\/sitio\/profesorado-de-educacion-primaria\/\" aria-label=\"More on Profesorado de Educaci\u00f3n Primaria\">[+]<\/a><\/p>\n","protected":false},"author":637,"featured_media":0,"parent":0,"menu_order":0,"comment_status":"closed","ping_status":"closed","template":"","meta":[],"acf":[],"_links":{"self":[{"href":"https:\/\/csjmestrada-ers.infd.edu.ar\/sitio\/wp-json\/wp\/v2\/pages\/1128"}],"collection":[{"href":"https:\/\/csjmestrada-ers.infd.edu.ar\/sitio\/wp-json\/wp\/v2\/pages"}],"about":[{"href":"https:\/\/csjmestrada-ers.infd.edu.ar\/sitio\/wp-json\/wp\/v2\/types\/page"}],"author":[{"embeddable":true,"href":"https:\/\/csjmestrada-ers.infd.edu.ar\/sitio\/wp-json\/wp\/v2\/users\/637"}],"replies":[{"embeddable":true,"href":"https:\/\/csjmestrada-ers.infd.edu.ar\/sitio\/wp-json\/wp\/v2\/comments?post=1128"}],"version-history":[{"count":45,"href":"https:\/\/csjmestrada-ers.infd.edu.ar\/sitio\/wp-json\/wp\/v2\/pages\/1128\/revisions"}],"predecessor-version":[{"id":14120,"href":"https:\/\/csjmestrada-ers.infd.edu.ar\/sitio\/wp-json\/wp\/v2\/pages\/1128\/revisions\/14120"}],"wp:attachment":[{"href":"https:\/\/csjmestrada-ers.infd.edu.ar\/sitio\/wp-json\/wp\/v2\/media?parent=1128"}],"curies":[{"name":"wp","href":"https:\/\/api.w.org\/{rel}","templated":true}]}}