{"id":1126,"date":"2018-06-28T17:21:03","date_gmt":"2018-06-28T20:21:03","guid":{"rendered":"https:\/\/csjmestrada-ers.infd.edu.ar\/sitio\/ubicacion\/"},"modified":"2024-04-21T21:06:29","modified_gmt":"2024-04-22T00:06:29","slug":"ubicacion","status":"publish","type":"page","link":"https:\/\/csjmestrada-ers.infd.edu.ar\/sitio\/ubicacion\/","title":{"rendered":"Ubicaci\u00f3n"},"content":{"rendered":"\n<figure class=\"wp-block-image size-full\"><img decoding=\"async\" src=\"https:\/\/csjmestrada-ers.infd.edu.ar\/sitio\/wp-content\/uploads\/2024\/02\/Colorful-Acoustic-Music-Videos-LinkedIn-Banner-1584-\u00d7-250-px-1365-x-341-px-2.png\" alt=\"\" class=\"wp-image-11268\"\/><\/figure>\n\n\n<p class=\"has-text-align-left\"><span style=\"font-family: 'Arial',sans-serif;\">El Instituto funciona en las instalaciones de la Escuela Secundaria N\u00ba7 \u00abJos\u00e9 Manuel Estrada\u00bb, sita en Boulevard San Mart\u00edn N\u00b0 307 de\u00a0 la ciudad de Bovril.<br \/><\/span><span style=\"font-family: 'Arial',sans-serif;\">Dicha ciudad se encuentra ubicada en el centro-norte de la provincia de Entre R\u00edos, integrando el Departamento La Paz, a 120 Km de la capital entrerriana, Paran\u00e1. <br \/><\/span><span style=\"font-family: 'Arial',sans-serif;\">Esta instituci\u00f3n posee la \u00fanica oferta de estudios superiores de nivel terciario en un radio de 50 km., y dado que, un alto porcentaje de j\u00f3venes de la localidad, no cuentan con los recursos indispensables que posibiliten su traslado a otra ciudad para realizar otro<br \/>tipo de formaci\u00f3n, raz\u00f3n que lo convierte en un atractivo centro de formaci\u00f3n y obliga a repensar las ofertas con periodicidad. <br \/><\/span><span style=\"font-family: 'Arial',sans-serif;\">Se halla comunicada al resto de la provincia por un acceso asfaltado, desde la ruta provincial N\u00ba 127, Km 118.<\/span><\/p>\n<p><!-- \/wp:paragraph --><!-- wp:paragraph {\"align\":\"left\",\"className\":\"nota Estilo20\",\"fontSize\":\"normal\"} --><\/p>\n<p><!-- \/wp:paragraph --><!-- wp:paragraph {\"align\":\"left\",\"className\":\"nota Estilo20\",\"fontSize\":\"normal\"} --><\/p>\n<p><!-- \/wp:paragraph --><!-- wp:paragraph {\"align\":\"left\",\"className\":\"nota Estilo20\",\"fontSize\":\"normal\"} --><\/p>\n<p><!-- \/wp:paragraph --><\/p>\n<p><!-- wp:columns --><\/p>\n<div class=\"wp-block-columns\"><!-- wp:column -->\n<p>\u00a0<\/p>\n<div class=\"wp-block-column\"><!-- wp:html --><br \/><iframe loading=\"lazy\" style=\"border: 0;\" src=\"https:\/\/www.google.com\/maps\/embed?pb=!1m18!1m12!1m3!1d3407.5712249504045!2d-59.44792452351864!3d-31.343212592719354!2m3!1f0!2f0!3f0!3m2!1i1024!2i768!4f13.1!3m3!1m2!1s0x95b3a1ef2fd1bdad%3A0xbc411ed59186c872!2sInstituto%20de%20Educaci%C3%B3n%20Superior%20de%20Bovril!5e0!3m2!1ses!2sar!4v1689000421201!5m2!1ses!2sar\" width=\"600\" height=\"450\" allowfullscreen=\"allowfullscreen\"><\/iframe><br \/><!-- \/wp:html --><\/div>\n<p><!-- \/wp:column --><\/p>\n<p><!-- wp:column --><\/p>\n<div class=\"wp-block-column\"><!-- wp:image {\"align\":\"center\",\"width\":400,\"height\":450} -->\n<p>\u00a0<\/p>\n<figure class=\"wp-block-image aligncenter is-resized\"><img decoding=\"async\" loading=\"lazy\" class=\"aligncenter\" src=\"https:\/\/csjmestrada-ers.infd.edu.ar\/sitio\/wp-content\/uploads\/2018\/06\/Mapa_bovril.gif\" alt=\"Para ubicar Bovril\" width=\"342\" height=\"404\" \/><\/figure>\n<p><!-- \/wp:image --><\/p>\n<\/div>\n<\/div>\n<p><!-- \/wp:paragraph --><\/p>","protected":false},"excerpt":{"rendered":"<p>El Instituto funciona en las instalaciones de la Escuela Secundaria N\u00ba7 \u00abJos\u00e9 Manuel Estrada\u00bb, sita en Boulevard San Mart\u00edn N\u00b0 307 de\u00a0 la ciudad de Bovril.Dicha ciudad se encuentra ubicada en el centro-norte de la provincia de Entre R\u00edos, integrando el Departamento La Paz, a 120 Km de la capital entrerriana, Paran\u00e1. Esta instituci\u00f3n posee &#8230; <a title=\"Ubicaci\u00f3n\" class=\"read-more\" href=\"https:\/\/csjmestrada-ers.infd.edu.ar\/sitio\/ubicacion\/\" aria-label=\"More on Ubicaci\u00f3n\">[+]<\/a><\/p>\n","protected":false},"author":637,"featured_media":0,"parent":0,"menu_order":0,"comment_status":"closed","ping_status":"closed","template":"","meta":[],"acf":[],"_links":{"self":[{"href":"https:\/\/csjmestrada-ers.infd.edu.ar\/sitio\/wp-json\/wp\/v2\/pages\/1126"}],"collection":[{"href":"https:\/\/csjmestrada-ers.infd.edu.ar\/sitio\/wp-json\/wp\/v2\/pages"}],"about":[{"href":"https:\/\/csjmestrada-ers.infd.edu.ar\/sitio\/wp-json\/wp\/v2\/types\/page"}],"author":[{"embeddable":true,"href":"https:\/\/csjmestrada-ers.infd.edu.ar\/sitio\/wp-json\/wp\/v2\/users\/637"}],"replies":[{"embeddable":true,"href":"https:\/\/csjmestrada-ers.infd.edu.ar\/sitio\/wp-json\/wp\/v2\/comments?post=1126"}],"version-history":[{"count":23,"href":"https:\/\/csjmestrada-ers.infd.edu.ar\/sitio\/wp-json\/wp\/v2\/pages\/1126\/revisions"}],"predecessor-version":[{"id":11522,"href":"https:\/\/csjmestrada-ers.infd.edu.ar\/sitio\/wp-json\/wp\/v2\/pages\/1126\/revisions\/11522"}],"wp:attachment":[{"href":"https:\/\/csjmestrada-ers.infd.edu.ar\/sitio\/wp-json\/wp\/v2\/media?parent=1126"}],"curies":[{"name":"wp","href":"https:\/\/api.w.org\/{rel}","templated":true}]}}