{"id":1122,"date":"2018-06-28T17:21:02","date_gmt":"2018-06-28T20:21:02","guid":{"rendered":"https:\/\/csjmestrada-ers.infd.edu.ar\/sitio\/organigrama\/"},"modified":"2026-02-25T22:42:32","modified_gmt":"2026-02-26T01:42:32","slug":"organigrama","status":"publish","type":"page","link":"https:\/\/csjmestrada-ers.infd.edu.ar\/sitio\/organigrama\/","title":{"rendered":"Autoridades"},"content":{"rendered":"\n<p class=\"has-text-align-center\"><span style=\"font-family: arial,helvetica,sans-serif; color: #000080; font-size: 24pt;\"><strong><span style=\"font-size: xx-large;\">Rectora:<\/span><\/strong><\/span><\/p>\n\n\n\n<p class=\"has-text-align-center\"><span style=\"color: #666699; font-family: arial, helvetica, sans-serif;\"><span style=\"font-size: 19px;\"><strong>Vicari, Licia Carminia<\/strong><\/span><\/span><\/p>\n\n\n\n<p class=\"has-text-align-center\"><span style=\"color: #000080; font-family: arial, helvetica, sans-serif; font-size: 10pt;\"><strong>Profesora Superior en Biolog\u00eda<\/strong><\/span><\/p>\n\n\n\n<p class=\"has-text-align-center\"><span style=\"font-family: arial,helvetica,sans-serif; color: #000080; font-size: 24pt;\"><strong>Secretaria del Instituto:<\/strong><\/span><\/p>\n\n\n\n<p class=\"has-text-align-center\"><span style=\"font-family: arial,helvetica,sans-serif; color: #000080;\"><span style=\"font-size: 10pt;\"><span style=\"font-family: arial, helvetica, sans-serif; color: #666699; font-size: 14pt;\"><span style=\"color: #666699; font-family: arial, helvetica, sans-serif;\"><span style=\"font-size: 14pt;\"><b>Smail, <\/b><\/span><\/span><span style=\"color: #666699; font-family: arial, helvetica, sans-serif;\"><span style=\"font-size: 18.6667px;\"><b>F\u00e1tima<\/b><\/span><\/span><span style=\"color: #666699; font-family: arial, helvetica, sans-serif;\"><span style=\"font-size: 14pt;\"><b>&nbsp;Ivana<\/b><\/span><\/span><\/span><\/span><\/span><\/p>\n\n\n\n<p class=\"has-text-align-center\"><span style=\"color: #000080; font-family: arial, helvetica, sans-serif;\"><span style=\"font-size: 13.3333px;\"><b style=\"color: #000080; font-family: arial, helvetica, sans-serif; font-size: 13.3333px;\">Profesora de Educaci\u00f3n <\/b><span style=\"color: #000080; font-family: arial, helvetica, sans-serif;\"><span style=\"font-size: 13.3333px;\"><b>Tecnol\u00f3gica<\/b><\/span><\/span><b style=\"color: #000080; font-family: arial, helvetica, sans-serif; font-size: 13.3333px;\">&nbsp;<\/b><\/span><\/span><\/p>\n\n\n\n<p class=\"has-text-align-center\"><span style=\"font-family: arial,helvetica,sans-serif; color: #000080; font-size: 24pt;\"><strong>Secretaria Acad\u00e9mica:<\/strong><\/span><\/p>\n\n\n\n<p class=\"has-text-align-center\"><span style=\"font-family: arial,helvetica,sans-serif; color: #000080;\"><span style=\"color: #666699; font-family: arial, helvetica, sans-serif;\"><span style=\"font-size: 18.6667px;\"><b>&#8212;&#8212;&#8212;&#8212;&#8212;&#8212;&#8212;-<\/b><\/span><\/span><\/span><\/p>\n\n\n\n<p class=\"has-text-align-center\"><span style=\"font-family: arial,helvetica,sans-serif; color: #000080;\"><span style=\"font-size: 10pt;\"><span style=\"color: #000080; font-family: arial, helvetica, sans-serif; font-size: 10pt;\"><b><span style=\"font-size: 10pt;\">&#8212;&#8212;&#8212;&#8212;&#8212;&#8212;&#8212;&#8212;&#8212;&#8212;-<\/span><\/b><\/span><\/span><\/span><\/p>\n\n\n\n<p class=\"has-text-align-center\"><span style=\"font-size: 24pt; font-family: arial, helvetica, sans-serif; color: #000080;\"><strong>Consejo Directivo:<\/strong><\/span><\/p>\n\n\n\n<p class=\"has-text-align-center\">Es el co-gobierno institucional.<\/p>\n\n\n\n<p class=\"has-text-align-center\"><span style=\"font-size: 14pt; color: #666699;\"><strong><span style=\"font-family: arial, helvetica, sans-serif;\"><span style=\"text-decoration: underline; color: #003300;\"><em>Presidente:<\/em><\/span><\/span><\/strong><\/span><\/p>\n\n\n\n<p class=\"has-text-align-center has-text-color has-small-font-size\" style=\"color:#0b0b0b\"><strong>Prof.&nbsp; Esp. Vicari, Licia<\/strong><\/p>\n\n\n\n<p class=\"has-text-align-center\"><span style=\"color: #666699; font-size: 14pt;\"><strong><span style=\"font-family: arial, helvetica, sans-serif;\"><em><span style=\"text-decoration: underline;\"><span style=\"color: #003300; text-decoration: underline;\">Consejeros Docentes<\/span><\/span>:&nbsp;<\/em><\/span><\/strong><\/span><\/p>\n\n\n\n<p class=\"has-text-align-center has-contrast-color has-text-color has-small-font-size\">Prof. Anal\u00eda Gonz\u00e1lez<\/p>\n\n\n\n<p class=\"has-text-align-center has-contrast-color has-text-color has-small-font-size\">Prof. Solange Cena<\/p>\n\n\n\n<p class=\"has-text-align-center has-contrast-color has-text-color has-small-font-size\">Prof. Gabriel Arredondo<\/p>\n\n\n\n<p class=\"has-text-align-center\"><span style=\"font-size: 14pt; color: #666699;\"><strong><span style=\"font-family: arial, helvetica, sans-serif;\"><em><span style=\"text-decoration: underline; color: #003300;\">Consejeros Estudiantes<\/span>:<\/em>&nbsp; <\/span><\/strong><\/span><\/p>\n\n\n\n<p class=\"has-text-align-center has-contrast-color has-text-color has-small-font-size\">Herrlein, Marlene<\/p>\n\n\n\n<p class=\"has-text-align-center has-contrast-color has-text-color has-small-font-size\">Stabile, Sheila<\/p>\n\n\n\n<p class=\"has-text-align-center\"><span style=\"font-family: arial,helvetica,sans-serif; font-size: 14pt; color: #003300;\"><strong><span style=\"text-decoration: underline;\"><em>Consejero Graduado:<\/em><\/span>&nbsp;<\/strong><\/span><\/p>\n\n\n\n<p class=\"has-text-align-center has-small-font-size\">Prof. <strong>Be<\/strong>r\u00f3n Noelia<\/p>\n\n\n\n<p class=\"has-text-align-center\"><span style=\"font-size: 24pt;\">&nbsp;<\/span><\/p>\n\n\n\n<p><\/p>\n","protected":false},"excerpt":{"rendered":"<p>Rectora: Vicari, Licia Carminia Profesora Superior en Biolog\u00eda Secretaria del Instituto: Smail, F\u00e1tima&nbsp;Ivana Profesora de Educaci\u00f3n Tecnol\u00f3gica&nbsp; Secretaria Acad\u00e9mica: &#8212;&#8212;&#8212;&#8212;&#8212;&#8212;&#8212;- &#8212;&#8212;&#8212;&#8212;&#8212;&#8212;&#8212;&#8212;&#8212;&#8212;- Consejo Directivo: Es el co-gobierno institucional. Presidente: Prof.&nbsp; Esp. Vicari, Licia Consejeros Docentes:&nbsp; Prof. Anal\u00eda Gonz\u00e1lez Prof. Solange Cena Prof. Gabriel Arredondo Consejeros Estudiantes:&nbsp; Herrlein, Marlene Stabile, Sheila Consejero Graduado:&nbsp; Prof. Ber\u00f3n Noelia &nbsp;<\/p>\n","protected":false},"author":637,"featured_media":0,"parent":0,"menu_order":0,"comment_status":"closed","ping_status":"closed","template":"","meta":[],"acf":[],"_links":{"self":[{"href":"https:\/\/csjmestrada-ers.infd.edu.ar\/sitio\/wp-json\/wp\/v2\/pages\/1122"}],"collection":[{"href":"https:\/\/csjmestrada-ers.infd.edu.ar\/sitio\/wp-json\/wp\/v2\/pages"}],"about":[{"href":"https:\/\/csjmestrada-ers.infd.edu.ar\/sitio\/wp-json\/wp\/v2\/types\/page"}],"author":[{"embeddable":true,"href":"https:\/\/csjmestrada-ers.infd.edu.ar\/sitio\/wp-json\/wp\/v2\/users\/637"}],"replies":[{"embeddable":true,"href":"https:\/\/csjmestrada-ers.infd.edu.ar\/sitio\/wp-json\/wp\/v2\/comments?post=1122"}],"version-history":[{"count":63,"href":"https:\/\/csjmestrada-ers.infd.edu.ar\/sitio\/wp-json\/wp\/v2\/pages\/1122\/revisions"}],"predecessor-version":[{"id":13953,"href":"https:\/\/csjmestrada-ers.infd.edu.ar\/sitio\/wp-json\/wp\/v2\/pages\/1122\/revisions\/13953"}],"wp:attachment":[{"href":"https:\/\/csjmestrada-ers.infd.edu.ar\/sitio\/wp-json\/wp\/v2\/media?parent=1122"}],"curies":[{"name":"wp","href":"https:\/\/api.w.org\/{rel}","templated":true}]}}